{"id":12954,"date":"2020-08-27T08:23:10","date_gmt":"2020-08-27T08:23:10","guid":{"rendered":"https:\/\/flavianatura.com\/tienda\/?page_id=12954"},"modified":"2024-05-21T20:45:29","modified_gmt":"2024-05-21T20:45:29","slug":"politica-de-privacidad","status":"publish","type":"page","link":"https:\/\/flavianatura.com\/tienda\/politica-de-privacidad\/","title":{"rendered":"Pol\u00edtica de Privacidad"},"content":{"rendered":"\t\t<div data-elementor-type=\"wp-page\" data-elementor-id=\"12954\" class=\"elementor elementor-12954\" data-elementor-post-type=\"page\">\n\t\t\t\t\t\t<section class=\"elementor-section elementor-top-section elementor-element elementor-element-6270b612 elementor-section-boxed elementor-section-height-default elementor-section-height-default\" data-id=\"6270b612\" data-element_type=\"section\" data-e-type=\"section\" data-settings=\"{&quot;background_background&quot;:&quot;classic&quot;}\">\n\t\t\t\t\t\t<div class=\"elementor-container elementor-column-gap-default\">\n\t\t\t\t\t<div class=\"elementor-column elementor-col-100 elementor-top-column elementor-element elementor-element-69230226\" data-id=\"69230226\" data-element_type=\"column\" data-e-type=\"column\">\n\t\t\t<div class=\"elementor-widget-wrap elementor-element-populated\">\n\t\t\t\t\t\t<div class=\"elementor-element elementor-element-b0a055b elementor-widget elementor-widget-text-editor\" data-id=\"b0a055b\" data-element_type=\"widget\" data-e-type=\"widget\" data-widget_type=\"text-editor.default\">\n\t\t\t\t<div class=\"elementor-widget-container\">\n\t\t\t\t\t\t\t\t\t<h4>Flavianatura<br>\n<\/h4>\n<p>De conformidad con lo dispuesto en la normativa vigente en lo relativo a la protecci\u00f3n de datos el Reglamento Europeo<br>\n2016\/679 (RGPD) y la ley org\u00e1nica 3\/2018 de protecci\u00f3n de datos personales y garant\u00eda de los derechos digitales (LOPD) a<br>\ncontinuaci\u00f3n le comunicamos el tratamiento que realizamos de sus datos:<\/p>\n<h3>\u00bfQui\u00e9n es el responsable de tus datos?<\/h3>\n<p>Los datos identificativos y de contacto con los titulares del sitio web https:\/\/flavianatura.com\/tienda\/ son los<br>\n    siguientes:<\/p>\n<p><strong>Responsable:<\/strong> Flavianatura<\/p>\n<p><strong>NIF\/CIF:<\/strong>  ____________________<\/p>\n<p><strong>Domicilio social:<\/strong> Castalla, Alicante \u2014 Calle Sant Vicent Del Raspeig, 22.<\/p>\n<p><strong>Tel\u00e9fono:<\/strong>  ___________<\/p>\n<p><strong>Direcci\u00f3n de correo electr\u00f3nico de contacto:<\/strong> info@flavianatura.com <\/p>\n<h4>Objeto y \u00e1mbito de aplicaci\u00f3n<\/h4>\n<h4>\u00bfCon qu\u00e9 finalidad tratamos tu datos?<\/h4>\n<h5>Sus datos personales s\u00f3lo se utilizar\u00e1n para las siguientes finalidades y legitimaciones:<\/h5>\n<p>Como Usuario de la Web (formulario de contacto \/mails remitidos a las direcciones de correo que aparecen en la p\u00e1gina):<br>\nTus datos ser\u00e1n utilizados para dar respuestas a tus solicitudes de informaci\u00f3n, comentarios o sugerencias, a trav\u00e9s del<br>\napartado de contacto o de las direcciones de correo que aparezcan en nuestra p\u00e1gina y mantener la comunicaci\u00f3n con el<br>\ninteresado. Legitimaci\u00f3n: Consentimiento\/solicitud de medidas precontractuales (solicitud de presupuesto o de<br>\ninformaci\u00f3n concreta sobre un producto o servicio) conforme a los Art. 6.1.a) yArt.6.1. b) del RGPD respectivamente.<\/p>\n<p>Como cliente: Tus datos ser\u00e1n utilizados para gestionar la relaci\u00f3n como cliente de nuestra empresa, as\u00ed como la gesti\u00f3n<br>\necon\u00f3mica derivada de dicha relaci\u00f3n. Legitimaci\u00f3n: en base a la relaci\u00f3n contractual Art.6.1. b) y&nbsp;cumplimiento de<br>\nobligaciones legales en el \u00e1mbito econ\u00f3mico y fiscal Art. 6.1.c) del RGPD<\/p>\n<p>Como proveedor: Tus datos ser\u00e1n utilizados para gestionar la relaci\u00f3n como proveedor de nuestra empresa, as\u00ed como la<br>\ngesti\u00f3n econ\u00f3mica derivada. Legitimaci\u00f3n: en base a la relaci\u00f3n contractual Art.6.1. b) y cumplimiento de obligaciones<br>\nlegales en el \u00e1mbito econ\u00f3mico y fiscal Art. 6.1.c) del RGPD<\/p>\n<p>Como seguidor en Redes Sociales: Los datos que hayas facilitado a la red social ser\u00e1n usados para mantener un<br>\nseguimiento mutuo de nuestras cuentas y poder contactar contigo siempre a trav\u00e9s de la red social elegida. Gestionaremos<br>\nlas comunicaciones mediante las mismas de acuerdo con los t\u00e9rminos y condiciones de cada red social. La informaci\u00f3n<br>\nsiempre la recibir\u00e1 a trav\u00e9s de la red social en cuesti\u00f3n y mientras sea seguidor del responsable en la misma. Cada una<br>\nde esas redes sociales cuenta con unos t\u00e9rminos y condiciones propios y son entidades ajenas a nosotros. Legitimaci\u00f3n:<br>\nTratamiento realizado en base al consentimiento del interesado Art. 6.1.a) del RGPD<\/p>\n<h5>\u00bfPor cu\u00e1nto tiempo conservar\u00e9 sus datos personales?<\/h5>\n<p>Los datos personales que nos proporciona ser\u00e1n conservados mientras se mantenga nuestra relaci\u00f3n contractual o<br>\nmercantil. No obstante, a partir de la fecha de la terminaci\u00f3n de nuestra relaci\u00f3n contractual o mercantil sus datos<br>\nser\u00e1n conservados:<\/p>\n<p>Mientras dure la relaci\u00f3n solicitada o revoque su consentimiento, momento en el cual procederemos a conservarlos<br>\ndebidamente bloqueados para atender posibles responsabilidades nacidas del tratamiento de sus datos personales por un<br>\nm\u00e1ximo de 3 a\u00f1os.<\/p>\n<p>Como Usuario de la Web: Conservados hasta cumplir su finalidad o hasta que nos revoque el consentimiento prestado<\/p>\n<p><span>Como seguidor redes sociales: Ser\u00e1n<br>\n    conservados hasta que nos revoque el consentimiento prestado o dejes de&nbsp;<\/span><span>seguirnos o marques ya no me<br>\n    gusta<\/span><\/p>\n<p>Como cliente o proveedor: Cuatro A\u00f1os a efectos fiscales: Los libros de contabilidad y otros libros registros<br>\nobligatorios seg\u00fan la normativa tributaria que proceda (IRPF, IVA, IS, etc.). Art\u00edculos 66 a 70 Ley General Tributaria.<br>\nSeis a\u00f1os a efectos mercantiles: Libros, correspondencia, documentaci\u00f3n y justificantes facturas emitidas y recibidas,<br>\ncontratos, documentos bancarios, etc.). Art. 30 C\u00f3digo Comercio<\/p>\n<h5>\u00bfHay obligaci\u00f3n de facilitar esos datos personales?<\/h5>\n<p>En el contacto solicitado, se hace necesario que nos facilite algunos datos de contacto para poder dirigirnos a usted<br>\npara poder prestarle el servicio que nos solicita.<\/p>\n<h5>\u00bfCu\u00e1les son las consecuencias de no hacerlo?<\/h5>\n<p>Si no nos facilita los datos m\u00ednimos de contacto no ser\u00e1 imposible e inviable atenderle.<\/p>\n<h5>\u00bfC\u00f3mo he obtenidos sus datos personales?<\/h5>\n<p>Los datos obtenidos no los ha proporcionado usted directamente.<\/p>\n<h5>\u00bfA qu\u00e9 destinatarios se comunicar\u00e1n sus datos personales?<\/h5>\n<p>No existe ninguna cesi\u00f3n de datos prevista, salvo obligaci\u00f3n legal.<\/p>\n<h5>\u00bfCu\u00e1les son sus derechos cuando me facilita sus datos personales?<\/h5>\n<p>Cualquier interesado podr\u00e1 solicitar el ejercicio de los siguientes derechos:<\/p>\n<p><strong>Derecho de acceso:<\/strong> El interesado tendr\u00e1 derecho a obtener confirmaci\u00f3n de si se est\u00e1n tratando o no<br>\ndatos personales que le conciernen.<\/p>\n<p><strong>Derecho de rectificaci\u00f3n:<\/strong> El interesado tendr\u00e1 derecho a obtener la rectificaci\u00f3n de los datos<br>\npersonales inexactos que le conciernan o incompletos.<\/p>\n<p><strong>Derecho de supresi\u00f3n:<\/strong> El interesado tendr\u00e1 derecho a obtener la supresi\u00f3n de los datos<br>\npersonales que le conciernan cuando los datos personales ya no sean necesarios en relaci\u00f3n con los fines para los que<br>\nfueron recogidos o tratados de otro modo.<\/p>\n<p><strong>Derecho de limitaci\u00f3n:<\/strong> Podr\u00e1 solicitar la limitaci\u00f3n del tratamiento de sus datos personales, en<br>\ncuyo caso \u00fanicamente los conservar\u00eda para el ejercicio o la defensa de reclamaciones.<\/p>\n<p><strong>Derecho a la portabilidad de sus datos:<\/strong> Por lo que puede solicitarnos que sus datos personales<br>\nautomatizados sean cedidos o transferidos a cualquier otra empresa que nos indique en un formato estructurado,<br>\ninteligible y automatizado.<\/p>\n<p><strong>Derecho de retirar el consentimiento:<\/strong> Usted tendr\u00e1 derecho a retirar el consentimiento en<br>\ncualquier momento, sin que ello afecte a la licitud del tratamiento basado en el consentimiento antes de su retirada.<\/p>\n<p><strong>Derecho de oposici\u00f3n:<\/strong> El interesado tendr\u00e1 derecho a oponerse al tratamiento de sus datos.<\/p>\n<h5>\u00bfC\u00d3MO PODR\u00c1 EJERCITAR ESTOS DERECHOS?<\/h5>\n<p>Ponemos a su disposici\u00f3n si nos lo solicitan los formularios donde podr\u00e1 ejercitar estos derechos. Podr\u00e1 solicitarnos en<br>\nel correo info@flavianatura.com el derecho que quiere ejercitar y le enviaremos el formulario correspondiente. El<br>\nejercicio de los derechos podr\u00e1 llevarlo a cabo mediante comunicaci\u00f3n dirigida al correo electr\u00f3nico<br>\ninfo@flavianatura.com<\/p>\n<h5>\u00bfQui\u00e9n puede ejercitar los derechos?<\/h5>\n<p>Los derechos de los interesados son personal\u00edsimos, por lo tanto, ser\u00e1n ejercidos por el titular de los datos<br>\nacreditando debidamente su identidad (para ello se le solicitar\u00e1 el DNI o equivalente).<\/p>\n<p><span>Tambi\u00e9n podr\u00e1 ejercerse a trav\u00e9s de<br>\n    representaci\u00f3n legal, en cuyo caso, adem\u00e1s del DNI del interesado o&nbsp;<\/span><span>equivalente, habr\u00e1 de aportarse DNI y<br>\n    documento acreditativo aut\u00e9ntico de la representaci\u00f3n del tercero.<\/span><\/p>\n<h5>\u00bfCu\u00e1l ser\u00e1 nuestra obligaci\u00f3n cuando ejercita alguno de los derechos?<\/h5>\n<p>El responsable del tratamiento deber\u00e1 contestar la solicitud que se le dirija en todo caso, con independencia de que<br>\nfiguren o no datos personales del afectado o interesado en sus tratamientos.<\/p>\n<p>En el caso de que la solicitud no re\u00fana los requisitos especificados, el responsable del fichero deber\u00e1 solicitar la<br>\nsubsanaci\u00f3n de estos.<\/p>\n<p>El responsable de tratamiento responder\u00e1 a las solicitudes en el plazo de un mes a partir de la recepci\u00f3n de la<br>\nsolicitud. Dicho plazo podr\u00e1 prorrogarse otros dos meses en caso necesario, teniendo en cuenta la complejidad y el<br>\nn\u00famero de solicitudes. El responsable informar\u00e1 al interesado de cualquiera de dichas pr\u00f3rrogas en el plazo de un mes a<br>\npartir de la recepci\u00f3n de la solicitud, indicando los motivos de la dilaci\u00f3n.<\/p>\n<h5>Derecho de reclamaci\u00f3n a la autoridad de control<\/h5>\n<p>Usted, podr\u00e1 solicitar la tutela de derechos que no hayan sido debidamente atendidos a la Agencia Espa\u00f1ola de Protecci\u00f3n<br>\nde datos. Bien a trav\u00e9s de la sede electr\u00f3nica de su portal web (www.agpd.es), o bien mediante escrito dirigido a su<br>\ndirecci\u00f3n postal (C\/Jorge Juan, 6, 28001-Madrid).<\/p>\n<h5>Car\u00e1cter obligatorio o facultativo de la informaci\u00f3n facilitada por el usuario<\/h5>\n<p>Los Usuarios, mediante la marcaci\u00f3n de las casillas correspondientes y entrada de datos en los campos de los formularios<br>\nde contactos, o bien enviado un correo electr\u00f3nico solicitando informaci\u00f3n, aceptan expresamente y de forma libre e<br>\ninequ\u00edvoca, que sus datos son necesarios para atender su petici\u00f3n, por parte del prestador. El Usuario garantiza que los<br>\ndatos personales facilitados son veraces y se hace responsable de comunicar cualquier modificaci\u00f3n de los mismos.<\/p>\n<h5>\u00bfQu\u00e9 informaci\u00f3n recopilamos?<\/h5>\n<p>En general, puede usar el Sitio Web sin facilitar ninguna informaci\u00f3n de car\u00e1cter personal.<\/p>\n<p>Existen canales en nuestra p\u00e1gina web donde se puede poner en contacto con nosotros. Cuando nos solicita informaci\u00f3n, el<br>\nusuario garantiza la autenticidad, exactitud y veracidad de toda la informaci\u00f3n que nos facilite, comprometi\u00e9ndose a<br>\nmantener actualizados los datos de car\u00e1cter personal que nos facilite de forma que los mismos respondan, en todo<br>\nmomento, a su situaci\u00f3n real. El Usuario ser\u00e1 el \u00fanico responsable de las manifestaciones falsas o inexactas y de los<br>\nperjuicios que las mismas pudieran causar.<\/p>\n<h5>\u00bfQu\u00e9 medidas adoptamos para mantener segura su informaci\u00f3n?<\/h5>\n<p>Aplicamos medidas t\u00e9cnicas y f\u00edsicas razonables para proteger la informaci\u00f3n que recogemos a trav\u00e9s del Sitio Web.<\/p>\n<h5>Modificaciones de la presente informaci\u00f3n de proteccion de datos.<\/h5>\n<p>Flavianatura se reserva el derecho a modificar su Pol\u00edtica de Protecci\u00f3n de datos de acuerdo con la<br>\nlegislaci\u00f3n aplicable en cada momento. Cualquier modificaci\u00f3n de dicha pol\u00edtica ser\u00e1 publicada en el sitio web.<\/p>\t\t\t\t\t\t\t\t<\/div>\n\t\t\t\t<\/div>\n\t\t\t\t\t<\/div>\n\t\t<\/div>\n\t\t\t\t\t<\/div>\n\t\t<\/section>\n\t\t\t\t<\/div>\n\t\t","protected":false},"excerpt":{"rendered":"<p>Flavianatura De conformidad con lo dispuesto en la normativa vigente en lo relativo a la protecci\u00f3n de datos el Reglamento Europeo 2016\/679 (RGPD) y la ley org\u00e1nica 3\/2018 de protecci\u00f3n de datos personales y garant\u00eda de los derechos digitales (LOPD) a continuaci\u00f3n le comunicamos el tratamiento que realizamos de sus datos: \u00bfQui\u00e9n es el responsable [&hellip;]<\/p>\n","protected":false},"author":1,"featured_media":0,"parent":0,"menu_order":0,"comment_status":"closed","ping_status":"closed","template":"","meta":{"footnotes":""},"class_list":["post-12954","page","type-page","status-publish","hentry"],"yoast_head":"<!-- This site is optimized with the Yoast SEO plugin v27.4 - https:\/\/yoast.com\/product\/yoast-seo-wordpress\/ -->\n<title>Pol\u00edtica de Privacidad - Flavianatura - Fabricaci\u00f3n de Iluminaci\u00f3n en Alicante<\/title>\n<meta name=\"robots\" content=\"index, follow, max-snippet:-1, max-image-preview:large, max-video-preview:-1\" \/>\n<link rel=\"canonical\" href=\"https:\/\/flavianatura.com\/tienda\/politica-de-privacidad\/\" \/>\n<meta property=\"og:locale\" content=\"es_ES\" \/>\n<meta property=\"og:type\" content=\"article\" \/>\n<meta property=\"og:title\" content=\"Pol\u00edtica de Privacidad - Flavianatura - Fabricaci\u00f3n de Iluminaci\u00f3n en Alicante\" \/>\n<meta property=\"og:description\" content=\"Flavianatura De conformidad con lo dispuesto en la normativa vigente en lo relativo a la protecci\u00f3n de datos el Reglamento Europeo 2016\/679 (RGPD) y la ley org\u00e1nica 3\/2018 de protecci\u00f3n de datos personales y garant\u00eda de los derechos digitales (LOPD) a continuaci\u00f3n le comunicamos el tratamiento que realizamos de sus datos: \u00bfQui\u00e9n es el responsable [&hellip;]\" \/>\n<meta property=\"og:url\" content=\"https:\/\/flavianatura.com\/tienda\/politica-de-privacidad\/\" \/>\n<meta property=\"og:site_name\" content=\"Flavianatura - Fabricaci\u00f3n de Iluminaci\u00f3n en Alicante\" \/>\n<meta property=\"article:modified_time\" content=\"2024-05-21T20:45:29+00:00\" \/>\n<meta name=\"twitter:card\" content=\"summary_large_image\" \/>\n<meta name=\"twitter:label1\" content=\"Tiempo de lectura\" \/>\n\t<meta name=\"twitter:data1\" content=\"8 minutos\" \/>\n<script type=\"application\/ld+json\" class=\"yoast-schema-graph\">{\"@context\":\"https:\\\/\\\/schema.org\",\"@graph\":[{\"@type\":\"WebPage\",\"@id\":\"https:\\\/\\\/flavianatura.com\\\/tienda\\\/politica-de-privacidad\\\/\",\"url\":\"https:\\\/\\\/flavianatura.com\\\/tienda\\\/politica-de-privacidad\\\/\",\"name\":\"Pol\u00edtica de Privacidad - Flavianatura - Fabricaci\u00f3n de Iluminaci\u00f3n en Alicante\",\"isPartOf\":{\"@id\":\"https:\\\/\\\/flavianatura.com\\\/tienda\\\/#website\"},\"datePublished\":\"2020-08-27T08:23:10+00:00\",\"dateModified\":\"2024-05-21T20:45:29+00:00\",\"breadcrumb\":{\"@id\":\"https:\\\/\\\/flavianatura.com\\\/tienda\\\/politica-de-privacidad\\\/#breadcrumb\"},\"inLanguage\":\"es\",\"potentialAction\":[{\"@type\":\"ReadAction\",\"target\":[\"https:\\\/\\\/flavianatura.com\\\/tienda\\\/politica-de-privacidad\\\/\"]}]},{\"@type\":\"BreadcrumbList\",\"@id\":\"https:\\\/\\\/flavianatura.com\\\/tienda\\\/politica-de-privacidad\\\/#breadcrumb\",\"itemListElement\":[{\"@type\":\"ListItem\",\"position\":1,\"name\":\"Portada\",\"item\":\"https:\\\/\\\/flavianatura.com\\\/tienda\\\/\"},{\"@type\":\"ListItem\",\"position\":2,\"name\":\"Pol\u00edtica de Privacidad\"}]},{\"@type\":\"WebSite\",\"@id\":\"https:\\\/\\\/flavianatura.com\\\/tienda\\\/#website\",\"url\":\"https:\\\/\\\/flavianatura.com\\\/tienda\\\/\",\"name\":\"Flavianatura - Fabricaci\u00f3n de Iluminaci\u00f3n en Alicante\",\"description\":\"Venta de Paneles led, Barras Led, Mesas, Sillas, Taburetes y m\u00e1s en Alicante\",\"publisher\":{\"@id\":\"https:\\\/\\\/flavianatura.com\\\/tienda\\\/#organization\"},\"potentialAction\":[{\"@type\":\"SearchAction\",\"target\":{\"@type\":\"EntryPoint\",\"urlTemplate\":\"https:\\\/\\\/flavianatura.com\\\/tienda\\\/?s={search_term_string}\"},\"query-input\":{\"@type\":\"PropertyValueSpecification\",\"valueRequired\":true,\"valueName\":\"search_term_string\"}}],\"inLanguage\":\"es\"},{\"@type\":\"Organization\",\"@id\":\"https:\\\/\\\/flavianatura.com\\\/tienda\\\/#organization\",\"name\":\"Flavianatura - Fabricaci\u00f3n de Iluminaci\u00f3n en Alicante\",\"url\":\"https:\\\/\\\/flavianatura.com\\\/tienda\\\/\",\"logo\":{\"@type\":\"ImageObject\",\"inLanguage\":\"es\",\"@id\":\"https:\\\/\\\/flavianatura.com\\\/tienda\\\/#\\\/schema\\\/logo\\\/image\\\/\",\"url\":\"https:\\\/\\\/flavianatura.com\\\/tienda\\\/wp-content\\\/uploads\\\/2024\\\/04\\\/logo-flavia.png\",\"contentUrl\":\"https:\\\/\\\/flavianatura.com\\\/tienda\\\/wp-content\\\/uploads\\\/2024\\\/04\\\/logo-flavia.png\",\"width\":672,\"height\":100,\"caption\":\"Flavianatura - Fabricaci\u00f3n de Iluminaci\u00f3n en Alicante\"},\"image\":{\"@id\":\"https:\\\/\\\/flavianatura.com\\\/tienda\\\/#\\\/schema\\\/logo\\\/image\\\/\"}}]}<\/script>\n<!-- \/ Yoast SEO plugin. -->","yoast_head_json":{"title":"Pol\u00edtica de Privacidad - Flavianatura - Fabricaci\u00f3n de Iluminaci\u00f3n en Alicante","robots":{"index":"index","follow":"follow","max-snippet":"max-snippet:-1","max-image-preview":"max-image-preview:large","max-video-preview":"max-video-preview:-1"},"canonical":"https:\/\/flavianatura.com\/tienda\/politica-de-privacidad\/","og_locale":"es_ES","og_type":"article","og_title":"Pol\u00edtica de Privacidad - Flavianatura - Fabricaci\u00f3n de Iluminaci\u00f3n en Alicante","og_description":"Flavianatura De conformidad con lo dispuesto en la normativa vigente en lo relativo a la protecci\u00f3n de datos el Reglamento Europeo 2016\/679 (RGPD) y la ley org\u00e1nica 3\/2018 de protecci\u00f3n de datos personales y garant\u00eda de los derechos digitales (LOPD) a continuaci\u00f3n le comunicamos el tratamiento que realizamos de sus datos: \u00bfQui\u00e9n es el responsable [&hellip;]","og_url":"https:\/\/flavianatura.com\/tienda\/politica-de-privacidad\/","og_site_name":"Flavianatura - Fabricaci\u00f3n de Iluminaci\u00f3n en Alicante","article_modified_time":"2024-05-21T20:45:29+00:00","twitter_card":"summary_large_image","twitter_misc":{"Tiempo de lectura":"8 minutos"},"schema":{"@context":"https:\/\/schema.org","@graph":[{"@type":"WebPage","@id":"https:\/\/flavianatura.com\/tienda\/politica-de-privacidad\/","url":"https:\/\/flavianatura.com\/tienda\/politica-de-privacidad\/","name":"Pol\u00edtica de Privacidad - Flavianatura - Fabricaci\u00f3n de Iluminaci\u00f3n en Alicante","isPartOf":{"@id":"https:\/\/flavianatura.com\/tienda\/#website"},"datePublished":"2020-08-27T08:23:10+00:00","dateModified":"2024-05-21T20:45:29+00:00","breadcrumb":{"@id":"https:\/\/flavianatura.com\/tienda\/politica-de-privacidad\/#breadcrumb"},"inLanguage":"es","potentialAction":[{"@type":"ReadAction","target":["https:\/\/flavianatura.com\/tienda\/politica-de-privacidad\/"]}]},{"@type":"BreadcrumbList","@id":"https:\/\/flavianatura.com\/tienda\/politica-de-privacidad\/#breadcrumb","itemListElement":[{"@type":"ListItem","position":1,"name":"Portada","item":"https:\/\/flavianatura.com\/tienda\/"},{"@type":"ListItem","position":2,"name":"Pol\u00edtica de Privacidad"}]},{"@type":"WebSite","@id":"https:\/\/flavianatura.com\/tienda\/#website","url":"https:\/\/flavianatura.com\/tienda\/","name":"Flavianatura - Fabricaci\u00f3n de Iluminaci\u00f3n en Alicante","description":"Venta de Paneles led, Barras Led, Mesas, Sillas, Taburetes y m\u00e1s en Alicante","publisher":{"@id":"https:\/\/flavianatura.com\/tienda\/#organization"},"potentialAction":[{"@type":"SearchAction","target":{"@type":"EntryPoint","urlTemplate":"https:\/\/flavianatura.com\/tienda\/?s={search_term_string}"},"query-input":{"@type":"PropertyValueSpecification","valueRequired":true,"valueName":"search_term_string"}}],"inLanguage":"es"},{"@type":"Organization","@id":"https:\/\/flavianatura.com\/tienda\/#organization","name":"Flavianatura - Fabricaci\u00f3n de Iluminaci\u00f3n en Alicante","url":"https:\/\/flavianatura.com\/tienda\/","logo":{"@type":"ImageObject","inLanguage":"es","@id":"https:\/\/flavianatura.com\/tienda\/#\/schema\/logo\/image\/","url":"https:\/\/flavianatura.com\/tienda\/wp-content\/uploads\/2024\/04\/logo-flavia.png","contentUrl":"https:\/\/flavianatura.com\/tienda\/wp-content\/uploads\/2024\/04\/logo-flavia.png","width":672,"height":100,"caption":"Flavianatura - Fabricaci\u00f3n de Iluminaci\u00f3n en Alicante"},"image":{"@id":"https:\/\/flavianatura.com\/tienda\/#\/schema\/logo\/image\/"}}]}},"_links":{"self":[{"href":"https:\/\/flavianatura.com\/tienda\/wp-json\/wp\/v2\/pages\/12954","targetHints":{"allow":["GET"]}}],"collection":[{"href":"https:\/\/flavianatura.com\/tienda\/wp-json\/wp\/v2\/pages"}],"about":[{"href":"https:\/\/flavianatura.com\/tienda\/wp-json\/wp\/v2\/types\/page"}],"author":[{"embeddable":true,"href":"https:\/\/flavianatura.com\/tienda\/wp-json\/wp\/v2\/users\/1"}],"replies":[{"embeddable":true,"href":"https:\/\/flavianatura.com\/tienda\/wp-json\/wp\/v2\/comments?post=12954"}],"version-history":[{"count":16,"href":"https:\/\/flavianatura.com\/tienda\/wp-json\/wp\/v2\/pages\/12954\/revisions"}],"predecessor-version":[{"id":34446,"href":"https:\/\/flavianatura.com\/tienda\/wp-json\/wp\/v2\/pages\/12954\/revisions\/34446"}],"wp:attachment":[{"href":"https:\/\/flavianatura.com\/tienda\/wp-json\/wp\/v2\/media?parent=12954"}],"curies":[{"name":"wp","href":"https:\/\/api.w.org\/{rel}","templated":true}]}}