{"id":1453,"date":"2020-04-30T11:12:41","date_gmt":"2020-04-30T11:12:41","guid":{"rendered":"https:\/\/flavianatura.com\/tienda\/?page_id=1453"},"modified":"2025-04-28T07:04:14","modified_gmt":"2025-04-28T07:04:14","slug":"contacto","status":"publish","type":"page","link":"https:\/\/flavianatura.com\/tienda\/contacto\/","title":{"rendered":"Contacto"},"content":{"rendered":"\t\t<div data-elementor-type=\"wp-page\" data-elementor-id=\"1453\" class=\"elementor elementor-1453\" data-elementor-post-type=\"page\">\n\t\t\t\t\t\t<section class=\"elementor-section elementor-top-section elementor-element elementor-element-9715922 elementor-section-full_width elementor-section-height-default elementor-section-height-default\" data-id=\"9715922\" data-element_type=\"section\" data-e-type=\"section\" data-settings=\"{&quot;background_background&quot;:&quot;classic&quot;}\">\n\t\t\t\t\t\t\t<div class=\"elementor-background-overlay\"><\/div>\n\t\t\t\t\t\t\t<div class=\"elementor-container elementor-column-gap-no\">\n\t\t\t\t\t<div class=\"elementor-column elementor-col-100 elementor-top-column elementor-element elementor-element-01e2fd6\" data-id=\"01e2fd6\" data-element_type=\"column\" data-e-type=\"column\">\n\t\t\t<div class=\"elementor-widget-wrap elementor-element-populated\">\n\t\t\t\t\t\t<div class=\"elementor-element elementor-element-cdc90b1 elementor-widget elementor-widget-woocommerce-breadcrumb\" data-id=\"cdc90b1\" data-element_type=\"widget\" data-e-type=\"widget\" data-widget_type=\"woocommerce-breadcrumb.default\">\n\t\t\t\t<div class=\"elementor-widget-container\">\n\t\t\t\t\t<nav class=\"woocommerce-breadcrumb\" aria-label=\"Breadcrumb\">Inicio<\/nav>\t\t\t\t<\/div>\n\t\t\t\t<\/div>\n\t\t\t\t\t<\/div>\n\t\t<\/div>\n\t\t\t\t\t<\/div>\n\t\t<\/section>\n\t\t\t\t<section class=\"elementor-section elementor-top-section elementor-element elementor-element-fb718c4 elementor-section-boxed elementor-section-height-default elementor-section-height-default\" data-id=\"fb718c4\" data-element_type=\"section\" data-e-type=\"section\">\n\t\t\t\t\t\t<div class=\"elementor-container elementor-column-gap-default\">\n\t\t\t\t\t<div class=\"elementor-column elementor-col-50 elementor-top-column elementor-element elementor-element-03acb2d elementor-invisible\" data-id=\"03acb2d\" data-element_type=\"column\" data-e-type=\"column\" data-settings=\"{&quot;animation&quot;:&quot;urbanism-fadeinup&quot;}\">\n\t\t\t<div class=\"elementor-widget-wrap elementor-element-populated\">\n\t\t\t\t\t\t<div class=\"elementor-element elementor-element-0fbcd6e elementor-widget elementor-widget-image\" data-id=\"0fbcd6e\" data-element_type=\"widget\" data-e-type=\"widget\" data-widget_type=\"image.default\">\n\t\t\t\t<div class=\"elementor-widget-container\">\n\t\t\t\t\t\t\t\t\t\t\t\t\t\t\t<img fetchpriority=\"high\" decoding=\"async\" width=\"672\" height=\"100\" src=\"https:\/\/flavianatura.com\/tienda\/wp-content\/uploads\/2024\/04\/logo-flavia.png\" class=\"attachment-large size-large wp-image-33890\" alt=\"\" srcset=\"https:\/\/flavianatura.com\/tienda\/wp-content\/uploads\/2024\/04\/logo-flavia.png 672w, https:\/\/flavianatura.com\/tienda\/wp-content\/uploads\/2024\/04\/logo-flavia-300x45.png 300w, https:\/\/flavianatura.com\/tienda\/wp-content\/uploads\/2024\/04\/logo-flavia-370x55.png 370w, https:\/\/flavianatura.com\/tienda\/wp-content\/uploads\/2024\/04\/logo-flavia-410x61.png 410w, https:\/\/flavianatura.com\/tienda\/wp-content\/uploads\/2024\/04\/logo-flavia-600x89.png 600w\" sizes=\"(max-width: 672px) 100vw, 672px\" \/>\t\t\t\t\t\t\t\t\t\t\t\t\t\t\t<\/div>\n\t\t\t\t<\/div>\n\t\t\t\t<div class=\"elementor-element elementor-element-9fe1ecd elementor-widget__width-auto no-title e-transform elementor-widget elementor-widget-image\" data-id=\"9fe1ecd\" data-element_type=\"widget\" data-e-type=\"widget\" data-settings=\"{&quot;_transform_scale_effect_hover&quot;:{&quot;unit&quot;:&quot;px&quot;,&quot;size&quot;:1.03,&quot;sizes&quot;:[]},&quot;_transform_scale_effect_hover_tablet&quot;:{&quot;unit&quot;:&quot;px&quot;,&quot;size&quot;:&quot;&quot;,&quot;sizes&quot;:[]},&quot;_transform_scale_effect_hover_mobile&quot;:{&quot;unit&quot;:&quot;px&quot;,&quot;size&quot;:&quot;&quot;,&quot;sizes&quot;:[]}}\" data-widget_type=\"image.default\">\n\t\t\t\t<div class=\"elementor-widget-container\">\n\t\t\t\t\t\t\t\t\t\t\t\t<figure class=\"wp-caption\">\n\t\t\t\t\t\t\t\t\t\t<img decoding=\"async\" src=\"https:\/\/flavianatura.com\/tienda\/wp-content\/uploads\/elementor\/thumbs\/b9e814a34232d1da5ff84e53f6424557-qniho87x138nuzrk3rnqouoexw920yll084epxqpzo.jpg\" title=\"b9e814a34232d1da5ff84e53f6424557\" alt=\"b9e814a34232d1da5ff84e53f6424557\" loading=\"lazy\" \/>\t\t\t\t\t\t\t\t\t\t\t<figcaption class=\"widget-image-caption wp-caption-text\"><\/figcaption>\n\t\t\t\t\t\t\t\t\t\t<\/figure>\n\t\t\t\t\t\t\t\t\t<\/div>\n\t\t\t\t<\/div>\n\t\t\t\t\t<\/div>\n\t\t<\/div>\n\t\t\t\t<div class=\"elementor-column elementor-col-50 elementor-top-column elementor-element elementor-element-72f9640\" data-id=\"72f9640\" data-element_type=\"column\" data-e-type=\"column\" data-settings=\"{&quot;background_background&quot;:&quot;classic&quot;}\">\n\t\t\t<div class=\"elementor-widget-wrap elementor-element-populated\">\n\t\t\t\t\t\t<div class=\"elementor-element elementor-element-a70166e elementor-widget elementor-widget-heading\" data-id=\"a70166e\" data-element_type=\"widget\" data-e-type=\"widget\" data-widget_type=\"heading.default\">\n\t\t\t\t<div class=\"elementor-widget-container\">\n\t\t\t\t\t<h2 class=\"elementor-heading-title elementor-size-default\">Rellena el Formulario<\/h2>\t\t\t\t<\/div>\n\t\t\t\t<\/div>\n\t\t\t\t<div class=\"elementor-element elementor-element-eaaf5d7 elementor-widget elementor-widget-text-editor\" data-id=\"eaaf5d7\" data-element_type=\"widget\" data-e-type=\"widget\" data-widget_type=\"text-editor.default\">\n\t\t\t\t<div class=\"elementor-widget-container\">\n\t\t\t\t\t\t\t\t\t<div class=\"elementor-element elementor-element-32a6a232 elementor-widget elementor-widget-text-editor\" data-id=\"32a6a232\" data-element_type=\"widget\" data-widget_type=\"text-editor.default\"><div class=\"elementor-widget-container\"><p>Valoramos la comunicaci\u00f3n y la interacci\u00f3n con nuestros clientes. Rellene el formulario con sus datos, nos pondremos en contacto a la brevedad posible.<\/p><p><em>(Los datos marcados con * son obligatorios)<\/em><\/p><\/div><\/div>\t\t\t\t\t\t\t\t<\/div>\n\t\t\t\t<\/div>\n\t\t\t\t<div class=\"elementor-element elementor-element-6b2ac86 elementor-widget elementor-widget-text-editor\" data-id=\"6b2ac86\" data-element_type=\"widget\" data-e-type=\"widget\" data-widget_type=\"text-editor.default\">\n\t\t\t\t<div class=\"elementor-widget-container\">\n\t\t\t\t\t\t\t\t\t<div class=\"elementor-element elementor-element-32a6a232 elementor-widget elementor-widget-text-editor\" data-id=\"32a6a232\" data-element_type=\"widget\" data-widget_type=\"text-editor.default\"><div class=\"elementor-widget-container\">\n<div class=\"wpcf7 no-js\" id=\"wpcf7-f5-o1\" lang=\"en-US\" dir=\"ltr\" data-wpcf7-id=\"5\">\n<div class=\"screen-reader-response\"><p role=\"status\" aria-live=\"polite\" aria-atomic=\"true\"><\/p> <ul><\/ul><\/div>\n<form action=\"\/tienda\/wp-json\/wp\/v2\/pages\/1453#wpcf7-f5-o1\" method=\"post\" class=\"wpcf7-form init\" aria-label=\"Contact form\" novalidate=\"novalidate\" data-status=\"init\">\n<fieldset class=\"hidden-fields-container\"><input type=\"hidden\" name=\"_wpcf7\" value=\"5\" \/><input type=\"hidden\" name=\"_wpcf7_version\" value=\"6.1.5\" \/><input type=\"hidden\" name=\"_wpcf7_locale\" value=\"en_US\" \/><input type=\"hidden\" name=\"_wpcf7_unit_tag\" value=\"wpcf7-f5-o1\" \/><input type=\"hidden\" name=\"_wpcf7_container_post\" value=\"0\" \/><input type=\"hidden\" name=\"_wpcf7_posted_data_hash\" value=\"\" \/><input type=\"hidden\" name=\"_wpcf7_recaptcha_response\" value=\"\" \/>\n<\/fieldset>\n<div class=\"form-style-4\">\n\t<div class=\"columns_wrap\">\n\t\t<div class=\"column-1_2\">\n\t\t\t<p><span class=\"style-icon icon-name\"><span class=\"wpcf7-form-control-wrap\" data-name=\"your-name\"><input size=\"40\" maxlength=\"400\" class=\"wpcf7-form-control wpcf7-text wpcf7-validates-as-required\" aria-required=\"true\" aria-invalid=\"false\" placeholder=\"Nombre\" value=\"\" type=\"text\" name=\"your-name\" \/><\/span><\/span>\n\t\t\t<\/p>\n\t\t<\/div>\n\t\t<div class=\"column-1_2\">\n\t\t\t<p><span class=\"style-icon icon-email\"><span class=\"wpcf7-form-control-wrap\" data-name=\"your-email\"><input size=\"40\" maxlength=\"400\" class=\"wpcf7-form-control wpcf7-email wpcf7-validates-as-required wpcf7-text wpcf7-validates-as-email\" aria-required=\"true\" aria-invalid=\"false\" placeholder=\"Email\" value=\"\" type=\"email\" name=\"your-email\" \/><\/span><\/span>\n\t\t\t<\/p>\n\t\t<\/div>\n\t<\/div>\n\t<div class=\"columns_wrap\">\n\t\t<div class=\"column-1_1\">\n\t\t\t<p><span class=\"style-icon icon-phone\"><span class=\"wpcf7-form-control-wrap\" data-name=\"phone\"><input size=\"40\" maxlength=\"400\" class=\"wpcf7-form-control wpcf7-tel wpcf7-validates-as-required wpcf7-text wpcf7-validates-as-tel\" aria-required=\"true\" aria-invalid=\"false\" placeholder=\"Tel\u00e9fono\" value=\"\" type=\"tel\" name=\"phone\" \/><\/span><\/span>\n\t\t\t<\/p>\n\t\t<\/div>\n\t<\/div>\n\t<div class=\"columns_wrap margin-bottom\">\n\t\t<div class=\"column-1_1\">\n\t\t\t<p><span class=\"style-line icon-textarea\"><span class=\"wpcf7-form-control-wrap\" data-name=\"your-message\"><textarea cols=\"40\" rows=\"10\" maxlength=\"2000\" class=\"wpcf7-form-control wpcf7-textarea wpcf7-validates-as-required\" aria-required=\"true\" aria-invalid=\"false\" placeholder=\"Mensaje\" name=\"your-message\"><\/textarea><\/span><\/span>\n\t\t\t<\/p>\n\t\t<\/div>\n\t<\/div>\n\t<div class=\"columns_wrap\">\n\t\t<div class=\"column-1_1\">\n\t\t\t<p><span class=\"wpcf7-form-control-wrap\" data-name=\"acceptance\"><span class=\"wpcf7-form-control wpcf7-acceptance\"><span class=\"wpcf7-list-item\"><label><input type=\"checkbox\" name=\"acceptance\" value=\"1\" aria-invalid=\"false\" \/><span class=\"wpcf7-list-item-label\">He le\u00eddo y acepto las Pol\u00edticas de Privacidad y estoy de acuerdo con el tratamiento de mis datos<\/span><\/label><\/span><\/span><\/span>\n\t\t\t<\/p>\n\t\t<\/div>\n\t<\/div>\n\t<div class=\"columns_wrap margin-bottom\">\n\t<\/div>\n\t<p><input class=\"wpcf7-form-control wpcf7-submit has-spinner\" type=\"submit\" value=\"Enviar mensaje\" \/>\n\t<\/p>\n<\/div><div class=\"wpcf7-response-output\" aria-hidden=\"true\"><\/div>\n<\/form>\n<\/div>\n<\/div><\/div>\t\t\t\t\t\t\t\t<\/div>\n\t\t\t\t<\/div>\n\t\t\t\t\t<\/div>\n\t\t<\/div>\n\t\t\t\t\t<\/div>\n\t\t<\/section>\n\t\t\t\t<section class=\"elementor-section elementor-top-section elementor-element elementor-element-b35b84a elementor-section-full_width elementor-section-height-default elementor-section-height-default\" data-id=\"b35b84a\" data-element_type=\"section\" data-e-type=\"section\" data-settings=\"{&quot;background_background&quot;:&quot;classic&quot;}\">\n\t\t\t\t\t\t<div class=\"elementor-container elementor-column-gap-no\">\n\t\t\t\t\t<div class=\"elementor-column elementor-col-100 elementor-top-column elementor-element elementor-element-d92b45a\" data-id=\"d92b45a\" data-element_type=\"column\" data-e-type=\"column\">\n\t\t\t<div class=\"elementor-widget-wrap elementor-element-populated\">\n\t\t\t\t\t\t<div class=\"elementor-element elementor-element-b2f2cf7 elementor-widget elementor-widget-google_maps\" data-id=\"b2f2cf7\" data-element_type=\"widget\" data-e-type=\"widget\" data-widget_type=\"google_maps.default\">\n\t\t\t\t<div class=\"elementor-widget-container\">\n\t\t\t\t\t\t\t<div class=\"elementor-custom-embed\">\n\t\t\t<iframe loading=\"lazy\"\n\t\t\t\t\tsrc=\"https:\/\/maps.google.com\/maps?q=castalla%2C%20alicante&#038;t=m&#038;z=8&#038;output=embed&#038;iwloc=near\"\n\t\t\t\t\ttitle=\"castalla, alicante\"\n\t\t\t\t\taria-label=\"castalla, alicante\"\n\t\t\t><\/iframe>\n\t\t<\/div>\n\t\t\t\t\t\t<\/div>\n\t\t\t\t<\/div>\n\t\t\t\t\t<\/div>\n\t\t<\/div>\n\t\t\t\t\t<\/div>\n\t\t<\/section>\n\t\t\t\t<\/div>\n\t\t","protected":false},"excerpt":{"rendered":"<p>Rellena el Formulario Valoramos la comunicaci\u00f3n y la interacci\u00f3n con nuestros clientes. Rellene el formulario con sus datos, nos pondremos en contacto a la brevedad posible. (Los datos marcados con * son obligatorios)<\/p>\n","protected":false},"author":1,"featured_media":0,"parent":0,"menu_order":0,"comment_status":"closed","ping_status":"closed","template":"","meta":{"footnotes":""},"class_list":["post-1453","page","type-page","status-publish","hentry"],"yoast_head":"<!-- This site is optimized with the Yoast SEO plugin v27.4 - https:\/\/yoast.com\/product\/yoast-seo-wordpress\/ -->\n<title>Contacto - Flavianatura - Fabricaci\u00f3n de Iluminaci\u00f3n en Alicante<\/title>\n<meta name=\"robots\" content=\"index, follow, max-snippet:-1, max-image-preview:large, max-video-preview:-1\" \/>\n<link rel=\"canonical\" href=\"https:\/\/flavianatura.com\/tienda\/contacto\/\" \/>\n<meta property=\"og:locale\" content=\"es_ES\" \/>\n<meta property=\"og:type\" content=\"article\" \/>\n<meta property=\"og:title\" content=\"Contacto - Flavianatura - Fabricaci\u00f3n de Iluminaci\u00f3n en Alicante\" \/>\n<meta property=\"og:description\" content=\"Rellena el Formulario Valoramos la comunicaci\u00f3n y la interacci\u00f3n con nuestros clientes. Rellene el formulario con sus datos, nos pondremos en contacto a la brevedad posible. (Los datos marcados con * son obligatorios)\" \/>\n<meta property=\"og:url\" content=\"https:\/\/flavianatura.com\/tienda\/contacto\/\" \/>\n<meta property=\"og:site_name\" content=\"Flavianatura - Fabricaci\u00f3n de Iluminaci\u00f3n en Alicante\" \/>\n<meta property=\"article:modified_time\" content=\"2025-04-28T07:04:14+00:00\" \/>\n<meta property=\"og:image\" content=\"https:\/\/flavianatura.com\/tienda\/wp-content\/uploads\/2024\/04\/logo-flavia.png\" \/>\n\t<meta property=\"og:image:width\" content=\"672\" \/>\n\t<meta property=\"og:image:height\" content=\"100\" \/>\n\t<meta property=\"og:image:type\" content=\"image\/png\" \/>\n<meta name=\"twitter:card\" content=\"summary_large_image\" \/>\n<meta name=\"twitter:label1\" content=\"Tiempo de lectura\" \/>\n\t<meta name=\"twitter:data1\" content=\"1 minuto\" \/>\n<script type=\"application\/ld+json\" class=\"yoast-schema-graph\">{\"@context\":\"https:\\\/\\\/schema.org\",\"@graph\":[{\"@type\":\"WebPage\",\"@id\":\"https:\\\/\\\/flavianatura.com\\\/tienda\\\/contacto\\\/\",\"url\":\"https:\\\/\\\/flavianatura.com\\\/tienda\\\/contacto\\\/\",\"name\":\"Contacto - Flavianatura - Fabricaci\u00f3n de Iluminaci\u00f3n en Alicante\",\"isPartOf\":{\"@id\":\"https:\\\/\\\/flavianatura.com\\\/tienda\\\/#website\"},\"primaryImageOfPage\":{\"@id\":\"https:\\\/\\\/flavianatura.com\\\/tienda\\\/contacto\\\/#primaryimage\"},\"image\":{\"@id\":\"https:\\\/\\\/flavianatura.com\\\/tienda\\\/contacto\\\/#primaryimage\"},\"thumbnailUrl\":\"https:\\\/\\\/flavianatura.com\\\/tienda\\\/wp-content\\\/uploads\\\/2024\\\/04\\\/logo-flavia.png\",\"datePublished\":\"2020-04-30T11:12:41+00:00\",\"dateModified\":\"2025-04-28T07:04:14+00:00\",\"breadcrumb\":{\"@id\":\"https:\\\/\\\/flavianatura.com\\\/tienda\\\/contacto\\\/#breadcrumb\"},\"inLanguage\":\"es\",\"potentialAction\":[{\"@type\":\"ReadAction\",\"target\":[\"https:\\\/\\\/flavianatura.com\\\/tienda\\\/contacto\\\/\"]}]},{\"@type\":\"ImageObject\",\"inLanguage\":\"es\",\"@id\":\"https:\\\/\\\/flavianatura.com\\\/tienda\\\/contacto\\\/#primaryimage\",\"url\":\"https:\\\/\\\/flavianatura.com\\\/tienda\\\/wp-content\\\/uploads\\\/2024\\\/04\\\/logo-flavia.png\",\"contentUrl\":\"https:\\\/\\\/flavianatura.com\\\/tienda\\\/wp-content\\\/uploads\\\/2024\\\/04\\\/logo-flavia.png\",\"width\":672,\"height\":100},{\"@type\":\"BreadcrumbList\",\"@id\":\"https:\\\/\\\/flavianatura.com\\\/tienda\\\/contacto\\\/#breadcrumb\",\"itemListElement\":[{\"@type\":\"ListItem\",\"position\":1,\"name\":\"Portada\",\"item\":\"https:\\\/\\\/flavianatura.com\\\/tienda\\\/\"},{\"@type\":\"ListItem\",\"position\":2,\"name\":\"Contacto\"}]},{\"@type\":\"WebSite\",\"@id\":\"https:\\\/\\\/flavianatura.com\\\/tienda\\\/#website\",\"url\":\"https:\\\/\\\/flavianatura.com\\\/tienda\\\/\",\"name\":\"Flavianatura - Fabricaci\u00f3n de Iluminaci\u00f3n en Alicante\",\"description\":\"Venta de Paneles led, Barras Led, Mesas, Sillas, Taburetes y m\u00e1s en Alicante\",\"publisher\":{\"@id\":\"https:\\\/\\\/flavianatura.com\\\/tienda\\\/#organization\"},\"potentialAction\":[{\"@type\":\"SearchAction\",\"target\":{\"@type\":\"EntryPoint\",\"urlTemplate\":\"https:\\\/\\\/flavianatura.com\\\/tienda\\\/?s={search_term_string}\"},\"query-input\":{\"@type\":\"PropertyValueSpecification\",\"valueRequired\":true,\"valueName\":\"search_term_string\"}}],\"inLanguage\":\"es\"},{\"@type\":\"Organization\",\"@id\":\"https:\\\/\\\/flavianatura.com\\\/tienda\\\/#organization\",\"name\":\"Flavianatura - Fabricaci\u00f3n de Iluminaci\u00f3n en Alicante\",\"url\":\"https:\\\/\\\/flavianatura.com\\\/tienda\\\/\",\"logo\":{\"@type\":\"ImageObject\",\"inLanguage\":\"es\",\"@id\":\"https:\\\/\\\/flavianatura.com\\\/tienda\\\/#\\\/schema\\\/logo\\\/image\\\/\",\"url\":\"https:\\\/\\\/flavianatura.com\\\/tienda\\\/wp-content\\\/uploads\\\/2024\\\/04\\\/logo-flavia.png\",\"contentUrl\":\"https:\\\/\\\/flavianatura.com\\\/tienda\\\/wp-content\\\/uploads\\\/2024\\\/04\\\/logo-flavia.png\",\"width\":672,\"height\":100,\"caption\":\"Flavianatura - Fabricaci\u00f3n de Iluminaci\u00f3n en Alicante\"},\"image\":{\"@id\":\"https:\\\/\\\/flavianatura.com\\\/tienda\\\/#\\\/schema\\\/logo\\\/image\\\/\"}}]}<\/script>\n<!-- \/ Yoast SEO plugin. -->","yoast_head_json":{"title":"Contacto - Flavianatura - Fabricaci\u00f3n de Iluminaci\u00f3n en Alicante","robots":{"index":"index","follow":"follow","max-snippet":"max-snippet:-1","max-image-preview":"max-image-preview:large","max-video-preview":"max-video-preview:-1"},"canonical":"https:\/\/flavianatura.com\/tienda\/contacto\/","og_locale":"es_ES","og_type":"article","og_title":"Contacto - Flavianatura - Fabricaci\u00f3n de Iluminaci\u00f3n en Alicante","og_description":"Rellena el Formulario Valoramos la comunicaci\u00f3n y la interacci\u00f3n con nuestros clientes. Rellene el formulario con sus datos, nos pondremos en contacto a la brevedad posible. (Los datos marcados con * son obligatorios)","og_url":"https:\/\/flavianatura.com\/tienda\/contacto\/","og_site_name":"Flavianatura - Fabricaci\u00f3n de Iluminaci\u00f3n en Alicante","article_modified_time":"2025-04-28T07:04:14+00:00","og_image":[{"width":672,"height":100,"url":"https:\/\/flavianatura.com\/tienda\/wp-content\/uploads\/2024\/04\/logo-flavia.png","type":"image\/png"}],"twitter_card":"summary_large_image","twitter_misc":{"Tiempo de lectura":"1 minuto"},"schema":{"@context":"https:\/\/schema.org","@graph":[{"@type":"WebPage","@id":"https:\/\/flavianatura.com\/tienda\/contacto\/","url":"https:\/\/flavianatura.com\/tienda\/contacto\/","name":"Contacto - Flavianatura - Fabricaci\u00f3n de Iluminaci\u00f3n en Alicante","isPartOf":{"@id":"https:\/\/flavianatura.com\/tienda\/#website"},"primaryImageOfPage":{"@id":"https:\/\/flavianatura.com\/tienda\/contacto\/#primaryimage"},"image":{"@id":"https:\/\/flavianatura.com\/tienda\/contacto\/#primaryimage"},"thumbnailUrl":"https:\/\/flavianatura.com\/tienda\/wp-content\/uploads\/2024\/04\/logo-flavia.png","datePublished":"2020-04-30T11:12:41+00:00","dateModified":"2025-04-28T07:04:14+00:00","breadcrumb":{"@id":"https:\/\/flavianatura.com\/tienda\/contacto\/#breadcrumb"},"inLanguage":"es","potentialAction":[{"@type":"ReadAction","target":["https:\/\/flavianatura.com\/tienda\/contacto\/"]}]},{"@type":"ImageObject","inLanguage":"es","@id":"https:\/\/flavianatura.com\/tienda\/contacto\/#primaryimage","url":"https:\/\/flavianatura.com\/tienda\/wp-content\/uploads\/2024\/04\/logo-flavia.png","contentUrl":"https:\/\/flavianatura.com\/tienda\/wp-content\/uploads\/2024\/04\/logo-flavia.png","width":672,"height":100},{"@type":"BreadcrumbList","@id":"https:\/\/flavianatura.com\/tienda\/contacto\/#breadcrumb","itemListElement":[{"@type":"ListItem","position":1,"name":"Portada","item":"https:\/\/flavianatura.com\/tienda\/"},{"@type":"ListItem","position":2,"name":"Contacto"}]},{"@type":"WebSite","@id":"https:\/\/flavianatura.com\/tienda\/#website","url":"https:\/\/flavianatura.com\/tienda\/","name":"Flavianatura - Fabricaci\u00f3n de Iluminaci\u00f3n en Alicante","description":"Venta de Paneles led, Barras Led, Mesas, Sillas, Taburetes y m\u00e1s en Alicante","publisher":{"@id":"https:\/\/flavianatura.com\/tienda\/#organization"},"potentialAction":[{"@type":"SearchAction","target":{"@type":"EntryPoint","urlTemplate":"https:\/\/flavianatura.com\/tienda\/?s={search_term_string}"},"query-input":{"@type":"PropertyValueSpecification","valueRequired":true,"valueName":"search_term_string"}}],"inLanguage":"es"},{"@type":"Organization","@id":"https:\/\/flavianatura.com\/tienda\/#organization","name":"Flavianatura - Fabricaci\u00f3n de Iluminaci\u00f3n en Alicante","url":"https:\/\/flavianatura.com\/tienda\/","logo":{"@type":"ImageObject","inLanguage":"es","@id":"https:\/\/flavianatura.com\/tienda\/#\/schema\/logo\/image\/","url":"https:\/\/flavianatura.com\/tienda\/wp-content\/uploads\/2024\/04\/logo-flavia.png","contentUrl":"https:\/\/flavianatura.com\/tienda\/wp-content\/uploads\/2024\/04\/logo-flavia.png","width":672,"height":100,"caption":"Flavianatura - Fabricaci\u00f3n de Iluminaci\u00f3n en Alicante"},"image":{"@id":"https:\/\/flavianatura.com\/tienda\/#\/schema\/logo\/image\/"}}]}},"_links":{"self":[{"href":"https:\/\/flavianatura.com\/tienda\/wp-json\/wp\/v2\/pages\/1453","targetHints":{"allow":["GET"]}}],"collection":[{"href":"https:\/\/flavianatura.com\/tienda\/wp-json\/wp\/v2\/pages"}],"about":[{"href":"https:\/\/flavianatura.com\/tienda\/wp-json\/wp\/v2\/types\/page"}],"author":[{"embeddable":true,"href":"https:\/\/flavianatura.com\/tienda\/wp-json\/wp\/v2\/users\/1"}],"replies":[{"embeddable":true,"href":"https:\/\/flavianatura.com\/tienda\/wp-json\/wp\/v2\/comments?post=1453"}],"version-history":[{"count":40,"href":"https:\/\/flavianatura.com\/tienda\/wp-json\/wp\/v2\/pages\/1453\/revisions"}],"predecessor-version":[{"id":34806,"href":"https:\/\/flavianatura.com\/tienda\/wp-json\/wp\/v2\/pages\/1453\/revisions\/34806"}],"wp:attachment":[{"href":"https:\/\/flavianatura.com\/tienda\/wp-json\/wp\/v2\/media?parent=1453"}],"curies":[{"name":"wp","href":"https:\/\/api.w.org\/{rel}","templated":true}]}}