{"id":34370,"date":"2024-05-02T20:05:26","date_gmt":"2024-05-02T20:05:26","guid":{"rendered":"https:\/\/flavianatura.com\/tienda\/?page_id=34370"},"modified":"2024-05-21T20:44:11","modified_gmt":"2024-05-21T20:44:11","slug":"politica-de-cookies","status":"publish","type":"page","link":"https:\/\/flavianatura.com\/tienda\/politica-de-cookies\/","title":{"rendered":"Pol\u00edtica de Cookies"},"content":{"rendered":"\t\t<div data-elementor-type=\"wp-page\" data-elementor-id=\"34370\" class=\"elementor elementor-34370\" data-elementor-post-type=\"page\">\n\t\t\t\t\t\t<section class=\"elementor-section elementor-top-section elementor-element elementor-element-6270b612 elementor-section-boxed elementor-section-height-default elementor-section-height-default\" data-id=\"6270b612\" data-element_type=\"section\" data-e-type=\"section\" data-settings=\"{&quot;background_background&quot;:&quot;classic&quot;}\">\n\t\t\t\t\t\t<div class=\"elementor-container elementor-column-gap-default\">\n\t\t\t\t\t<div class=\"elementor-column elementor-col-100 elementor-top-column elementor-element elementor-element-69230226\" data-id=\"69230226\" data-element_type=\"column\" data-e-type=\"column\">\n\t\t\t<div class=\"elementor-widget-wrap elementor-element-populated\">\n\t\t\t\t\t\t<div class=\"elementor-element elementor-element-b0a055b elementor-widget elementor-widget-text-editor\" data-id=\"b0a055b\" data-element_type=\"widget\" data-e-type=\"widget\" data-widget_type=\"text-editor.default\">\n\t\t\t\t<div class=\"elementor-widget-container\">\n\t\t\t\t\t\t\t\t\t<p>Utilizamos cookies y otras tecnolog\u00edas en nuestros servicios relacionados, incluso cuando visita nuestro sitio o\n    accede a nuestros servicios.<\/p>\n<h4>\u00bfQu\u00e9 son las cookies?<\/h4>\n<p>Las cookies son peque\u00f1os archivos de texto que se almacenan en su computadora o dispositivo m\u00f3vil cuando visita un\n    sitio web. Estos archivos permiten que el sitio web recuerde su actividad y preferencias, lo que hace que la\n    navegaci\u00f3n sea m\u00e1s f\u00e1cil y personalizada.\n<\/p>\n<p>Una&nbsp;<strong>\u00abcookie\u00bb<\/strong>&nbsp;es una peque\u00f1a unidad de informaci\u00f3n que un sitio web asigna a su\n    dispositivo mientras visita el sitio. Las cookies son muy \u00fatiles y pueden usarse para diversos fines. Entre\n    estos, se incluyen permitirle navegar entre las p\u00e1ginas de manera eficaz, habilitar la activaci\u00f3n autom\u00e1tica de\n    determinadas funciones, recordar sus preferencias y conseguir que la interacci\u00f3n entre usted y nuestros\n    Servicios sea m\u00e1s r\u00e1pida y sencilla. Las cookies tambi\u00e9n se utilizan para ayudar a garantizar que los anuncios\n    que aparezca sean pertinentes para usted y sus intereses, y para recopilar datos estad\u00edsticos sobre el uso de\n    nuestros Servicios.<\/p>\n<h4>El Sitio utiliza los siguientes tipos de cookies:<\/h4>\n<p><strong>a. \u00abcookies de sesi\u00f3n\u00bb<\/strong>, que se almacenan solo temporalmente durante una sesi\u00f3n de navegaci\u00f3n\n    para permitir el uso normal del sistema y se eliminan de su dispositivo al cerrar el navegador.<\/p>\n<p><strong>b. \u00abcookies persistentes\u00bb<\/strong>, que solo lee el sitio, se guardan en el equipo durante periodo fijo y\n    no se eliminan cuando se cierra el navegador. Estas cookies se utilizan cuando es necesario conocer su identidad\n    en caso de visitas frecuentes, por ejemplo, para permitirnos almacenar sus preferencias para el pr\u00f3ximo inicio\n    de sesi\u00f3n.<\/p>\n<p><strong>c. \u00abcookies de terceros\u00bb<\/strong>, que establecen otros servicios en l\u00ednea que ejecutan contenido en la\n    p\u00e1gina que est\u00e1 visitando, por ejemplo, por empresas de an\u00e1lisis de terceros que supervisan y examinan el acceso\n    al sitio Web.<\/p>\n<p>Las cookies no contienen ninguna informaci\u00f3n que lo identifique personalmente, pero la informaci\u00f3n personal que\n    almacenamos sobre usted puede estar vinculada, por nosotros, a la informaci\u00f3n almacenada en las cookies y\n    obtenida a partir de estas. Puede eliminar las cookies mediante las instrucciones incluidas en las preferencias\n    del dispositivo. Sin embargo, si opta por desactivar las cookies, es posible que algunas funciones de nuestro\n    Sitio no funcionen correctamente y su experiencia en l\u00ednea puede ser limitada.<\/p>\n<p>Utilizamos una herramienta basada en la tecnolog\u00eda Snowplow Analytics para recopilar informaci\u00f3n sobre el uso del\n    Sitio. Esta herramienta recopila informaci\u00f3n, como la frecuencia con que los usuarios acceden al sitio, las\n    p\u00e1ginas que visitan, etc. No recopila ninguna informaci\u00f3n personal y solo la utiliza el proveedor de servicios\n    de alojamiento y uso del Sitio para mejorar el Sitio y los servicios.<\/p>\n\n\n<h4>\u00bfC\u00f3mo utilizamos las cookies?<\/h4>\n<p>Utilizamos cookies en nuestro sitio web para mejorar la experiencia del usuario y para recopilar informaci\u00f3n sobre\n    c\u00f3mo se utiliza el sitio. Por ejemplo, podemos utilizar cookies para recordar sus preferencias de idioma y para\n    hacer un seguimiento de las p\u00e1ginas que visita. Tambi\u00e9n podemos utilizar cookies para analizar el tr\u00e1fico en el\n    sitio y mejorar nuestra oferta de contenido y servicios.\n<\/p>\n<h4>\u00bfC\u00f3mo puede controlar las cookies?<\/h4>\n<p>Puede controlar y\/o eliminar cookies seg\u00fan su preferencia. Para obtener m\u00e1s informaci\u00f3n sobre c\u00f3mo hacerlo, consulte\n    el sitio web de su navegador. Tenga en cuenta que la eliminaci\u00f3n de cookies puede afectar la funcionalidad de\n    algunas \u00e1reas de nuestro sitio web.\n<\/p>\n<h4>\u00bfQu\u00e9 pasa si se desactivan las cookies?<\/h4>\n<p>Si decide desactivar las cookies, es posible que algunas funciones y \u00e1reas de nuestro sitio web no funcionen\n    correctamente.\n<\/p>\n<p>Esta pol\u00edtica de cookies se actualiza peri\u00f3dicamente. Le recomendamos revisar esta pol\u00edtica de vez en cuando para\n    estar al tanto de cualquier cambio.\n<\/p>\n<p>Si tiene preguntas sobre esta pol\u00edtica de cookies, no dude en comunicarse con nosotros.<\/p>\n\t\t\t\t\t\t\t\t<\/div>\n\t\t\t\t<\/div>\n\t\t\t\t\t<\/div>\n\t\t<\/div>\n\t\t\t\t\t<\/div>\n\t\t<\/section>\n\t\t\t\t<\/div>\n\t\t","protected":false},"excerpt":{"rendered":"<p>Utilizamos cookies y otras tecnolog\u00edas en nuestros servicios relacionados, incluso cuando visita nuestro sitio o accede a nuestros servicios. \u00bfQu\u00e9 son las cookies? Las cookies son peque\u00f1os archivos de texto que se almacenan en su computadora o dispositivo m\u00f3vil cuando visita un sitio web. Estos archivos permiten que el sitio web recuerde su actividad y [&hellip;]<\/p>\n","protected":false},"author":1,"featured_media":0,"parent":0,"menu_order":0,"comment_status":"closed","ping_status":"closed","template":"","meta":{"footnotes":""},"class_list":["post-34370","page","type-page","status-publish","hentry"],"yoast_head":"<!-- This site is optimized with the Yoast SEO plugin v27.4 - https:\/\/yoast.com\/product\/yoast-seo-wordpress\/ -->\n<title>Pol\u00edtica de Cookies - Flavianatura - Fabricaci\u00f3n de Iluminaci\u00f3n en Alicante<\/title>\n<meta name=\"robots\" content=\"index, follow, max-snippet:-1, max-image-preview:large, max-video-preview:-1\" \/>\n<link rel=\"canonical\" href=\"https:\/\/flavianatura.com\/tienda\/politica-de-cookies\/\" \/>\n<meta property=\"og:locale\" content=\"es_ES\" \/>\n<meta property=\"og:type\" content=\"article\" \/>\n<meta property=\"og:title\" content=\"Pol\u00edtica de Cookies - Flavianatura - Fabricaci\u00f3n de Iluminaci\u00f3n en Alicante\" \/>\n<meta property=\"og:description\" content=\"Utilizamos cookies y otras tecnolog\u00edas en nuestros servicios relacionados, incluso cuando visita nuestro sitio o accede a nuestros servicios. \u00bfQu\u00e9 son las cookies? Las cookies son peque\u00f1os archivos de texto que se almacenan en su computadora o dispositivo m\u00f3vil cuando visita un sitio web. Estos archivos permiten que el sitio web recuerde su actividad y [&hellip;]\" \/>\n<meta property=\"og:url\" content=\"https:\/\/flavianatura.com\/tienda\/politica-de-cookies\/\" \/>\n<meta property=\"og:site_name\" content=\"Flavianatura - Fabricaci\u00f3n de Iluminaci\u00f3n en Alicante\" \/>\n<meta property=\"article:modified_time\" content=\"2024-05-21T20:44:11+00:00\" \/>\n<meta name=\"twitter:card\" content=\"summary_large_image\" \/>\n<meta name=\"twitter:label1\" content=\"Tiempo de lectura\" \/>\n\t<meta name=\"twitter:data1\" content=\"3 minutos\" \/>\n<script type=\"application\/ld+json\" class=\"yoast-schema-graph\">{\"@context\":\"https:\\\/\\\/schema.org\",\"@graph\":[{\"@type\":\"WebPage\",\"@id\":\"https:\\\/\\\/flavianatura.com\\\/tienda\\\/politica-de-cookies\\\/\",\"url\":\"https:\\\/\\\/flavianatura.com\\\/tienda\\\/politica-de-cookies\\\/\",\"name\":\"Pol\u00edtica de Cookies - Flavianatura - Fabricaci\u00f3n de Iluminaci\u00f3n en Alicante\",\"isPartOf\":{\"@id\":\"https:\\\/\\\/flavianatura.com\\\/tienda\\\/#website\"},\"datePublished\":\"2024-05-02T20:05:26+00:00\",\"dateModified\":\"2024-05-21T20:44:11+00:00\",\"breadcrumb\":{\"@id\":\"https:\\\/\\\/flavianatura.com\\\/tienda\\\/politica-de-cookies\\\/#breadcrumb\"},\"inLanguage\":\"es\",\"potentialAction\":[{\"@type\":\"ReadAction\",\"target\":[\"https:\\\/\\\/flavianatura.com\\\/tienda\\\/politica-de-cookies\\\/\"]}]},{\"@type\":\"BreadcrumbList\",\"@id\":\"https:\\\/\\\/flavianatura.com\\\/tienda\\\/politica-de-cookies\\\/#breadcrumb\",\"itemListElement\":[{\"@type\":\"ListItem\",\"position\":1,\"name\":\"Portada\",\"item\":\"https:\\\/\\\/flavianatura.com\\\/tienda\\\/\"},{\"@type\":\"ListItem\",\"position\":2,\"name\":\"Pol\u00edtica de Cookies\"}]},{\"@type\":\"WebSite\",\"@id\":\"https:\\\/\\\/flavianatura.com\\\/tienda\\\/#website\",\"url\":\"https:\\\/\\\/flavianatura.com\\\/tienda\\\/\",\"name\":\"Flavianatura - Fabricaci\u00f3n de Iluminaci\u00f3n en Alicante\",\"description\":\"Venta de Paneles led, Barras Led, Mesas, Sillas, Taburetes y m\u00e1s en Alicante\",\"publisher\":{\"@id\":\"https:\\\/\\\/flavianatura.com\\\/tienda\\\/#organization\"},\"potentialAction\":[{\"@type\":\"SearchAction\",\"target\":{\"@type\":\"EntryPoint\",\"urlTemplate\":\"https:\\\/\\\/flavianatura.com\\\/tienda\\\/?s={search_term_string}\"},\"query-input\":{\"@type\":\"PropertyValueSpecification\",\"valueRequired\":true,\"valueName\":\"search_term_string\"}}],\"inLanguage\":\"es\"},{\"@type\":\"Organization\",\"@id\":\"https:\\\/\\\/flavianatura.com\\\/tienda\\\/#organization\",\"name\":\"Flavianatura - Fabricaci\u00f3n de Iluminaci\u00f3n en Alicante\",\"url\":\"https:\\\/\\\/flavianatura.com\\\/tienda\\\/\",\"logo\":{\"@type\":\"ImageObject\",\"inLanguage\":\"es\",\"@id\":\"https:\\\/\\\/flavianatura.com\\\/tienda\\\/#\\\/schema\\\/logo\\\/image\\\/\",\"url\":\"https:\\\/\\\/flavianatura.com\\\/tienda\\\/wp-content\\\/uploads\\\/2024\\\/04\\\/logo-flavia.png\",\"contentUrl\":\"https:\\\/\\\/flavianatura.com\\\/tienda\\\/wp-content\\\/uploads\\\/2024\\\/04\\\/logo-flavia.png\",\"width\":672,\"height\":100,\"caption\":\"Flavianatura - Fabricaci\u00f3n de Iluminaci\u00f3n en Alicante\"},\"image\":{\"@id\":\"https:\\\/\\\/flavianatura.com\\\/tienda\\\/#\\\/schema\\\/logo\\\/image\\\/\"}}]}<\/script>\n<!-- \/ Yoast SEO plugin. -->","yoast_head_json":{"title":"Pol\u00edtica de Cookies - Flavianatura - Fabricaci\u00f3n de Iluminaci\u00f3n en Alicante","robots":{"index":"index","follow":"follow","max-snippet":"max-snippet:-1","max-image-preview":"max-image-preview:large","max-video-preview":"max-video-preview:-1"},"canonical":"https:\/\/flavianatura.com\/tienda\/politica-de-cookies\/","og_locale":"es_ES","og_type":"article","og_title":"Pol\u00edtica de Cookies - Flavianatura - Fabricaci\u00f3n de Iluminaci\u00f3n en Alicante","og_description":"Utilizamos cookies y otras tecnolog\u00edas en nuestros servicios relacionados, incluso cuando visita nuestro sitio o accede a nuestros servicios. \u00bfQu\u00e9 son las cookies? Las cookies son peque\u00f1os archivos de texto que se almacenan en su computadora o dispositivo m\u00f3vil cuando visita un sitio web. Estos archivos permiten que el sitio web recuerde su actividad y [&hellip;]","og_url":"https:\/\/flavianatura.com\/tienda\/politica-de-cookies\/","og_site_name":"Flavianatura - Fabricaci\u00f3n de Iluminaci\u00f3n en Alicante","article_modified_time":"2024-05-21T20:44:11+00:00","twitter_card":"summary_large_image","twitter_misc":{"Tiempo de lectura":"3 minutos"},"schema":{"@context":"https:\/\/schema.org","@graph":[{"@type":"WebPage","@id":"https:\/\/flavianatura.com\/tienda\/politica-de-cookies\/","url":"https:\/\/flavianatura.com\/tienda\/politica-de-cookies\/","name":"Pol\u00edtica de Cookies - Flavianatura - Fabricaci\u00f3n de Iluminaci\u00f3n en Alicante","isPartOf":{"@id":"https:\/\/flavianatura.com\/tienda\/#website"},"datePublished":"2024-05-02T20:05:26+00:00","dateModified":"2024-05-21T20:44:11+00:00","breadcrumb":{"@id":"https:\/\/flavianatura.com\/tienda\/politica-de-cookies\/#breadcrumb"},"inLanguage":"es","potentialAction":[{"@type":"ReadAction","target":["https:\/\/flavianatura.com\/tienda\/politica-de-cookies\/"]}]},{"@type":"BreadcrumbList","@id":"https:\/\/flavianatura.com\/tienda\/politica-de-cookies\/#breadcrumb","itemListElement":[{"@type":"ListItem","position":1,"name":"Portada","item":"https:\/\/flavianatura.com\/tienda\/"},{"@type":"ListItem","position":2,"name":"Pol\u00edtica de Cookies"}]},{"@type":"WebSite","@id":"https:\/\/flavianatura.com\/tienda\/#website","url":"https:\/\/flavianatura.com\/tienda\/","name":"Flavianatura - Fabricaci\u00f3n de Iluminaci\u00f3n en Alicante","description":"Venta de Paneles led, Barras Led, Mesas, Sillas, Taburetes y m\u00e1s en Alicante","publisher":{"@id":"https:\/\/flavianatura.com\/tienda\/#organization"},"potentialAction":[{"@type":"SearchAction","target":{"@type":"EntryPoint","urlTemplate":"https:\/\/flavianatura.com\/tienda\/?s={search_term_string}"},"query-input":{"@type":"PropertyValueSpecification","valueRequired":true,"valueName":"search_term_string"}}],"inLanguage":"es"},{"@type":"Organization","@id":"https:\/\/flavianatura.com\/tienda\/#organization","name":"Flavianatura - Fabricaci\u00f3n de Iluminaci\u00f3n en Alicante","url":"https:\/\/flavianatura.com\/tienda\/","logo":{"@type":"ImageObject","inLanguage":"es","@id":"https:\/\/flavianatura.com\/tienda\/#\/schema\/logo\/image\/","url":"https:\/\/flavianatura.com\/tienda\/wp-content\/uploads\/2024\/04\/logo-flavia.png","contentUrl":"https:\/\/flavianatura.com\/tienda\/wp-content\/uploads\/2024\/04\/logo-flavia.png","width":672,"height":100,"caption":"Flavianatura - Fabricaci\u00f3n de Iluminaci\u00f3n en Alicante"},"image":{"@id":"https:\/\/flavianatura.com\/tienda\/#\/schema\/logo\/image\/"}}]}},"_links":{"self":[{"href":"https:\/\/flavianatura.com\/tienda\/wp-json\/wp\/v2\/pages\/34370","targetHints":{"allow":["GET"]}}],"collection":[{"href":"https:\/\/flavianatura.com\/tienda\/wp-json\/wp\/v2\/pages"}],"about":[{"href":"https:\/\/flavianatura.com\/tienda\/wp-json\/wp\/v2\/types\/page"}],"author":[{"embeddable":true,"href":"https:\/\/flavianatura.com\/tienda\/wp-json\/wp\/v2\/users\/1"}],"replies":[{"embeddable":true,"href":"https:\/\/flavianatura.com\/tienda\/wp-json\/wp\/v2\/comments?post=34370"}],"version-history":[{"count":4,"href":"https:\/\/flavianatura.com\/tienda\/wp-json\/wp\/v2\/pages\/34370\/revisions"}],"predecessor-version":[{"id":34434,"href":"https:\/\/flavianatura.com\/tienda\/wp-json\/wp\/v2\/pages\/34370\/revisions\/34434"}],"wp:attachment":[{"href":"https:\/\/flavianatura.com\/tienda\/wp-json\/wp\/v2\/media?parent=34370"}],"curies":[{"name":"wp","href":"https:\/\/api.w.org\/{rel}","templated":true}]}}