{"id":34371,"date":"2024-05-02T20:05:39","date_gmt":"2024-05-02T20:05:39","guid":{"rendered":"https:\/\/flavianatura.com\/tienda\/?page_id=34371"},"modified":"2024-05-21T20:44:01","modified_gmt":"2024-05-21T20:44:01","slug":"aviso-legal","status":"publish","type":"page","link":"https:\/\/flavianatura.com\/tienda\/aviso-legal\/","title":{"rendered":"Aviso Legal"},"content":{"rendered":"\t\t<div data-elementor-type=\"wp-page\" data-elementor-id=\"34371\" class=\"elementor elementor-34371\" data-elementor-post-type=\"page\">\n\t\t\t\t\t\t<section class=\"elementor-section elementor-top-section elementor-element elementor-element-6270b612 elementor-section-boxed elementor-section-height-default elementor-section-height-default\" data-id=\"6270b612\" data-element_type=\"section\" data-e-type=\"section\" data-settings=\"{&quot;background_background&quot;:&quot;classic&quot;}\">\n\t\t\t\t\t\t<div class=\"elementor-container elementor-column-gap-default\">\n\t\t\t\t\t<div class=\"elementor-column elementor-col-100 elementor-top-column elementor-element elementor-element-69230226\" data-id=\"69230226\" data-element_type=\"column\" data-e-type=\"column\">\n\t\t\t<div class=\"elementor-widget-wrap elementor-element-populated\">\n\t\t\t\t\t\t<div class=\"elementor-element elementor-element-b0a055b elementor-widget elementor-widget-text-editor\" data-id=\"b0a055b\" data-element_type=\"widget\" data-e-type=\"widget\" data-widget_type=\"text-editor.default\">\n\t\t\t\t<div class=\"elementor-widget-container\">\n\t\t\t\t\t\t\t\t\t<div clas=\"entry-content\">\n    <h4>Flavianatura\n<\/h4>\n    <h4>1. Informaci\u00f3n legal<\/h4>\n    <p>En cumplimiento del deber de informaci\u00f3n establecido en el art\u00edculo 10 de la Ley 34\/2002, de Servicios de la\n        Sociedad de la Informaci\u00f3n y de Comercio Electr\u00f3nico, le comunicamos que el titular del sitio web\n        https:\/\/flavianatura.com\/tienda\/  Flavianatura\n<\/p>\n    <p>Los datos identificativos y de contacto con los titulares del sitio web https:\/\/flavianatura.com\/tienda\/  son los\n        siguientes:<\/p>\n        <p><strong>Responsable:<\/strong> Flavianatura<\/p>\n        <p><strong>NIF\/CIF:<\/strong>  ____________________<\/p>\n        <p><strong>Domicilio social:<\/strong> Castalla, Alicante \u2014 Calle Sant Vicent Del Raspeig, 22.<\/p>\n        <p><strong>Tel\u00e9fono:<\/strong>  ___________<\/p>\n        <p><strong>Direcci\u00f3n de correo electr\u00f3nico de contacto:<\/strong> info@flavianatura.com <\/p>\n    <h4>2. Objeto y \u00e1mbito de aplicaci\u00f3n<\/h4>\n    <p><strong>2.1.-<\/strong>Mediante este Aviso Legal se establecen las condiciones generales de uso que regulan\n        el acceso, navegaci\u00f3n y uso del sitio web https:\/\/flavianatura.com\/tienda , (en adelante, Sitio Web), as\u00ed como las\n        responsabilidades derivadas de la utilizaci\u00f3n de sus contenidos. Adicionalmente, la prestaci\u00f3n de determinados\n        servicios o actividades en el marco del Sitio Web podr\u00e1n quedar asimismo sometidas a otras condiciones\n        particulares que pudieran establecerse y que, en su caso, sustituyan, complementen y\/o modifiquen las\n        condiciones generales de uso de este Aviso Legal.<\/p>\n    <p><strong>2.2.-<\/strong>Este Sitio Web es un servicio que Flavianatura\n pone a disposici\u00f3n de los\n        usuarios de Internet con finalidad informativa, pudiendo efectuar en cualquier momento y sin previo aviso las\n        modificaciones que considere oportunas en su dise\u00f1o, configuraci\u00f3n y contenidos.<\/p>\n    <p><strong>2.3.-<\/strong>El acceso y uso de este Sitio Web atribuye al visitante la condici\u00f3n de USUARIO e\n        implica su aceptaci\u00f3n de forma plena y sin reservas, desde dicho acceso y\/o uso, de todas y cada una de las\n        condiciones de uso que Flavianatura\n incluya en este Aviso Legal, en la versi\u00f3n publicada en el momento\n        en que acceda al mismo. En este sentido, se entender\u00e1 por USUARIO a la persona que acceda, navegue, utilice o\n        participe en los servicios y actividades desarrolladas en el Sitio Web.<\/p>\n    <p><strong>2.4.-<\/strong>El USUARIO se obliga a hacer un uso correcto del Sitio Web, de conformidad con las\n        leyes aplicables, la buena fe, el orden p\u00fablico, los usos del tr\u00e1fico y el presente Aviso Legal, respondiendo\n        frente a Flavianatura\n y frente a terceros de cualesquiera da\u00f1os y perjuicios que pudieran causarse como\n        consecuencia del incumplimiento de dicha obligaci\u00f3n.<\/p>\n    <h4>3. Acceso y utilizaci\u00f3n del Sitio Web<\/h4>\n    <p><strong>3.1.-<\/strong>El acceso a este Sitio Web es libre y gratuito, salvo en lo relativo al coste de\n        conexi\u00f3n de la red de telecomunicaciones suministrada por el operador contratado por cada USUARIO.<\/p>\n    <p><strong>3.2.-<\/strong>El USUARIO asume la responsabilidad del uso del Sitio Web. Por tanto, el USUARIO se\n        obliga a utilizar los contenidos de forma diligente, responsable y l\u00edcita y, en particular, se compromete a no\n        emplearlos para, entre otros usos:<\/p>\n    <p>Utilizar identidades falsas, o suplantar la identidad de otros usuarios en la utilizaci\u00f3n del Sitio Web o de sus\n        servicios.<\/p>\n    <p>Introducir en la red virus inform\u00e1ticos o realizar actuaciones susceptibles de alterar, da\u00f1ar, interrumpir o\n        generar errores o da\u00f1os en los documentos electr\u00f3nicos, datos o sistemas f\u00edsicos y l\u00f3gicos de Flavianatura\n o de terceras personas, as\u00ed como obstaculizar el acceso de otros usuarios al Sitio Web y a sus servicios\n        mediante el consumo masivo de los recursos inform\u00e1ticos a trav\u00e9s de los cuales Flavianatura\n        presta sus\n        servicios.<\/p>\n    <p>Intentar acceder y, en su caso, utilizar las cuentas de correo electr\u00f3nico de otros usuarios.<\/p>\n    <p>Reproducir, copiar, distribuir, poner a disposici\u00f3n o de cualquier otra forma comunicar p\u00fablicamente, transformar\n        o modificar los contenidos del Sitio Web, con fines comerciales, en cualquier soporte y por cualquier medio\n        t\u00e9cnico, sin la autorizaci\u00f3n previa y expresa del titular de los correspondientes derechos.<\/p>\n    <p>Introducir o incorporar como una actividad empresarial o profesional propia los contenidos y\/o servicios\n        presentados en este Sitio Web.<\/p>\n    <p>Vulnerar cualesquiera derechos de propiedad intelectual o industrial derivados de los contenidos del Sitio Web.\n    <\/p>\n    <p>Utilizar los contenidos y\/o la informaci\u00f3n de cualquier clase obtenida a trav\u00e9s de este Sitio Web para realizar\n        actividades publicitarias o promocionales, remitir publicidad de cualquier clase y comunicaciones con fines de\n        venta u otras de naturaleza comercial, o para recopilar, comercializar o divulgar de cualquier modo dicha\n        informaci\u00f3n.<\/p>\n    <p>Utilizar este Sitio Web, o los contenidos y\/o servicios en el obtenidos, para la realizaci\u00f3n de actividades\n        contrarias a la ley, a la moral, a las buenas costumbres o al orden p\u00fablico, con fines o efectos il\u00edcitos,\n        prohibidos o lesivos de derechos e intereses de terceros.<\/p>\n    <p><strong>3.3.-<\/strong>Flavianatura\n se reserva el derecho a interrumpir en cualquier momento y sin\n        previo aviso el acceso al Sitio Web, as\u00ed como a interrumpir la prestaci\u00f3n de cualquiera o de todos los servicios\n        que se prestan a trav\u00e9s de este, ya sea por motivos t\u00e9cnicos, de seguridad, o por cualquier otra causa.<\/p>\n    <h4>4. Protecci\u00f3n de datos personales<\/h4>\n    <p><strong>4.1.-<\/strong>Flavianatura\n se compromete al tratamiento de los datos personales de manera\n        respetuosa con los derechos de sus titulares, y de conformidad a la normativa de protecci\u00f3n de datos que se\n        encuentre en vigor en cada momento.<\/p>\n    <p><strong>4.2.-<\/strong>En la secci\u00f3n \u201cPol\u00edtica de privacidad\u201ddel Sitio Web se pone a disposici\u00f3n permanente\n        del USUARIO la informaci\u00f3n legal o pol\u00edtica de privacidad correspondiente a los distintos tratamientos de datos\n        llevados a cabo por Flavianatura\n<\/p>\n    <p><strong>4.3.-<\/strong>En el caso de que el USUARIO cumplimente voluntariamente cualquiera de los\n        formularios online de recogida de datos disponibles en el Sitio Web, para acceder a algunos de sus servicios o\n        contenidos, se compromete a proporcionar datos exactos y veraces, as\u00ed como a comunicar a Flavianatura\n \n        cualquier modificaci\u00f3n de estos. Salvo en caso de indicarse expresamente lo contrario, los datos solicitados\n        en nuestros formularios son necesarios para poder dar curso a su solicitud.<\/p>\n    <p>En todo caso, en el correspondiente formulario online de recogida de datos personales del USUARIO se incluir\u00e1 un\n        enlace al correspondiente aviso de privacidad que ser\u00e1 de aplicaci\u00f3n al tratamiento de los datos personales\n        proporcionados. La aceptaci\u00f3n expresa por el USUARIO del correspondiente aviso de privacidad ser\u00e1 necesaria para\n        que se tenga por cumplimentado el formulario y poder completar el proceso de env\u00edo. El contenido de dicha\n        pol\u00edtica de privacidad podr\u00e1 ser objeto de modificaci\u00f3n para adaptarlo a cambios legislativos que puedan\n        producirse, as\u00ed como a criterios y posiciones emitidas por las Autoridades de Protecci\u00f3n de Datos competentes.\n    <\/p>\n    <p><strong>4.4.-<\/strong>Si un USUARIO facilitara datos personales de otras personas f\u00edsicas, se obliga a\n        cumplir, en relaci\u00f3n a dichos datos, cuantas obligaciones deriven de la normativa de protecci\u00f3n de datos en\n        vigor, y en particular el deber de informar y de obtener el consentimiento del titular de los datos personales.\n    <\/p>\n    <p><strong>4.5.-<\/strong>No se permite que los menores de 16 a\u00f1os faciliten sus datos personales a trav\u00e9s del\n        Sitio Web, siendo necesaria la previa autorizaci\u00f3n expresa de sus padres o tutores. En todo caso, este Sitio Web\n        no se dirige a menores de edad.<\/p>\n    <h4>5. Propiedad intelectual e industrial<\/h4>\n    <p><strong>5.1.-<\/strong>Flavianatura es titular o licenciatario de los derechos de explotaci\u00f3n de\n        propiedad intelectual e industrial de este Sitio Web, as\u00ed como de los contenidos disponibles en el mismo. Todos\n        los derechos reservados.<\/p>\n    <p><strong>5.2.-<\/strong>En ning\u00fan caso se entender\u00e1 que el acceso y navegaci\u00f3n del USUARIO en el Sitio Web\n        implica una renuncia, transmisi\u00f3n, licencia o cesi\u00f3n total o parcial de dichos derechos por parte de Flavianatura\n\n        , ni que confiere al USUARIO ning\u00fan derecho de utilizaci\u00f3n, traducci\u00f3n, adaptaci\u00f3n, alteraci\u00f3n,\n        explotaci\u00f3n, reproducci\u00f3n, distribuci\u00f3n o comunicaci\u00f3n p\u00fablica, con fines comerciales, de dichos contenidos, sin\n        la previa y expresa autorizaci\u00f3n de Flavianatura o del titular de los derechos afectados. El\n        incumplimiento de lo anterior facultar\u00e1 a Flavianatura o a los titulares de los correspondientes\n        derechos para interponer las acciones legales pertinentes.<\/p>\n    <p><strong>5.3.-<\/strong>La distribuci\u00f3n, modificaci\u00f3n, cesi\u00f3n o comunicaci\u00f3n p\u00fablica de los contenidos y\n        cualquier otro acto que no haya sido expresamente autorizado por el titular de los derechos de explotaci\u00f3n,\n        quedan prohibidos.<\/p>\n    <h4>6. Exclusi\u00f3n de garant\u00edas y responsabilidad<\/h4>\n    <p><strong>6.1.-<\/strong>El contenido de este Sitio Web tiene finalidad informativa y de creaci\u00f3n de un canal\n        de comunicaci\u00f3n con los USUARIOS, sin que sus contenidos puedan considerarse como asesoramiento exhaustivo sobre\n        cualesquiera materias. Flavianatura no garantiza plenamente el acceso a todos los contenidos, ni su\n        exhaustividad, correcci\u00f3n, vigencia o actualidad, ni su idoneidad o utilidad para un objetivo\n        espec\u00edfico. Flavianatura excluye, hasta donde permita la ley, cualquier responsabilidad por los da\u00f1os y\n        perjuicios de toda naturaleza derivados de, a t\u00edtulo enunciativo y no limitativo: errores u omisiones en los\n        contenidos, falta de disponibilidad del Sitio Web, o la transmisi\u00f3n de virus o programas maliciosos o lesivos en\n        los contenidos. No obstante, Flavianatura declara que ha adoptado todas las medidas necesarias, dentro\n        de sus posibilidades y del estado de la tecnolog\u00eda, para garantizar el funcionamiento del Sitio Web y evitar la\n        existencia y transmisi\u00f3n de virus y dem\u00e1s componentes da\u00f1inos a los USUARIOS.<\/p>\n    <p><strong>6.2.-<\/strong>Flavianatura no se hace responsable por la utilizaci\u00f3n que el USUARIO\n        realice de los servicios y contenidos del Sitio Web. El USUARIO reconoce y acepta que la utilizaci\u00f3n del Sitio\n        Web, as\u00ed como de sus servicios y contenidos, se realiza bajo su exclusivo riesgo y responsabilidad.<\/p>\n    <h4>7. Enlaces<\/h4>\n    <p><strong>7.1.-<\/strong>En el caso de que en el Sitio Web se dispusiesen enlaces o hiperv\u00ednculos hacia otros\n        sitios de Internet, Flavianatura no ejercer\u00e1 ning\u00fan control sobre dichos sitios y contenidos. En ning\u00fan\n        caso Flavianatura asumir\u00e1 responsabilidad alguna por los contenidos de los sitios web ajenos enlazados,\n        ni garantizar\u00e1 la disponibilidad t\u00e9cnica, calidad, fiabilidad, exactitud, amplitud, veracidad, legalidad o\n        validez de cualquier material o informaci\u00f3n contenida en ninguno de dichos hiperv\u00ednculos u otros sitios de\n        Internet. En este sentido, si los USUARIOS tuvieran conocimiento efectivo de la ilicitud de actividades\n        desarrolladas a trav\u00e9s de estas p\u00e1ginas web de terceros enlazadas, deber\u00e1n comunicarlo inmediatamente\n        a Flavianatura a los efectos de que se proceda a deshabilitar el enlace de acceso a las mismas.<\/p>\n    <p><strong>7.2.-<\/strong>Igualmente, la inclusi\u00f3n de cualquier tipo de enlace por parte de Flavianatura\n \n        a otros sitios de Internet no implica que exista ning\u00fan tipo de relaci\u00f3n, asociaci\u00f3n, colaboraci\u00f3n o\n        dependencia entre Flavianatura y el titular del sitio web ajeno.<\/p>\n    <h4>8. Derecho de exclusi\u00f3n<\/h4>\n    <p>Flavianatura se reserva el derecho a denegar o retirar el acceso a este Sitio Web y\/o a los contenidos y\n        servicios ofrecidos en el mismo, sin necesidad de preaviso, a aquellos USUARIOS que incumplan las presentes\n        condiciones generales de uso o las particulares que pudieran establecerse.<\/p>\n    <h4>9. Generalidades<\/h4>\n    <p><strong>9.1.-<\/strong>En caso de existir discrepancia entre lo establecido en estas condiciones generales\n        de uso y las condiciones particulares de cada servicio espec\u00edfico, prevalecer\u00e1 lo dispuesto en \u00e9stas \u00faltimas.\n    <\/p>\n    <p><strong>9.2.-<\/strong>Si cualquier disposici\u00f3n o contenido de este Aviso Legal fuera declarado nulo o\n        inaplicable, en todo o en parte, mediante resoluci\u00f3n firme por un Juzgado o Tribunal competente, dicha nulidad o\n        inaplicaci\u00f3n no afectar\u00e1 a las restantes disposiciones de las condiciones de uso, que conservar\u00e1n su validez a\n        todos los efectos.<\/p>\n    <p><strong>9.3.-<\/strong>El no ejercicio o ejecuci\u00f3n por parte de Flavianatura de cualquier derecho o\n        disposici\u00f3n contenida en estas condiciones de uso no constituir\u00e1 una renuncia al mismo, salvo reconocimiento y\n        acuerdo de este por escrito.<\/p>\n    <p><strong>9.4.-<\/strong>Flavianatura podr\u00e1 modificar en todo o en parte y en cualquier momento las\n        condiciones aqu\u00ed determinadas, y dichas modificaciones tendr\u00e1n vigencia desde el mismo momento de su publicaci\u00f3n\n        en este Sitio Web.<\/p>\n    <h4>10. Ley aplicable y jurisdicci\u00f3n<\/h4>\n    <p>Las relaciones establecidas entre, como titular de este Sitio Web, y el USUARIO, se regir\u00e1n por lo dispuesto en\n        la normativa vigente relativa a la legislaci\u00f3n aplicable y la jurisdicci\u00f3n competente. No obstante, para los\n        casos en que la normativa prevea la posibilidad de que las partes se sometan a un fuero, Flavianatura y\n        el USUARIO, con renuncia expresa a cualquier otro fuero que pudiera corresponderles, se someten a los Juzgados y\n        Tribunales competentes.<\/p>\n<\/div>\t\t\t\t\t\t\t\t<\/div>\n\t\t\t\t<\/div>\n\t\t\t\t\t<\/div>\n\t\t<\/div>\n\t\t\t\t\t<\/div>\n\t\t<\/section>\n\t\t\t\t<\/div>\n\t\t","protected":false},"excerpt":{"rendered":"<p>Flavianatura 1. Informaci\u00f3n legal En cumplimiento del deber de informaci\u00f3n establecido en el art\u00edculo 10 de la Ley 34\/2002, de Servicios de la Sociedad de la Informaci\u00f3n y de Comercio Electr\u00f3nico, le comunicamos que el titular del sitio web https:\/\/flavianatura.com\/tienda\/ Flavianatura Los datos identificativos y de contacto con los titulares del sitio web https:\/\/flavianatura.com\/tienda\/ son [&hellip;]<\/p>\n","protected":false},"author":1,"featured_media":0,"parent":0,"menu_order":0,"comment_status":"closed","ping_status":"closed","template":"","meta":{"footnotes":""},"class_list":["post-34371","page","type-page","status-publish","hentry"],"yoast_head":"<!-- This site is optimized with the Yoast SEO plugin v27.4 - https:\/\/yoast.com\/product\/yoast-seo-wordpress\/ -->\n<title>Aviso Legal - Flavianatura - Fabricaci\u00f3n de Iluminaci\u00f3n en Alicante<\/title>\n<meta name=\"robots\" content=\"index, follow, max-snippet:-1, max-image-preview:large, max-video-preview:-1\" \/>\n<link rel=\"canonical\" href=\"https:\/\/flavianatura.com\/tienda\/aviso-legal\/\" \/>\n<meta property=\"og:locale\" content=\"es_ES\" \/>\n<meta property=\"og:type\" content=\"article\" \/>\n<meta property=\"og:title\" content=\"Aviso Legal - Flavianatura - Fabricaci\u00f3n de Iluminaci\u00f3n en Alicante\" \/>\n<meta property=\"og:description\" content=\"Flavianatura 1. Informaci\u00f3n legal En cumplimiento del deber de informaci\u00f3n establecido en el art\u00edculo 10 de la Ley 34\/2002, de Servicios de la Sociedad de la Informaci\u00f3n y de Comercio Electr\u00f3nico, le comunicamos que el titular del sitio web https:\/\/flavianatura.com\/tienda\/ Flavianatura Los datos identificativos y de contacto con los titulares del sitio web https:\/\/flavianatura.com\/tienda\/ son [&hellip;]\" \/>\n<meta property=\"og:url\" content=\"https:\/\/flavianatura.com\/tienda\/aviso-legal\/\" \/>\n<meta property=\"og:site_name\" content=\"Flavianatura - Fabricaci\u00f3n de Iluminaci\u00f3n en Alicante\" \/>\n<meta property=\"article:modified_time\" content=\"2024-05-21T20:44:01+00:00\" \/>\n<meta name=\"twitter:card\" content=\"summary_large_image\" \/>\n<meta name=\"twitter:label1\" content=\"Tiempo de lectura\" \/>\n\t<meta name=\"twitter:data1\" content=\"10 minutos\" \/>\n<script type=\"application\/ld+json\" class=\"yoast-schema-graph\">{\"@context\":\"https:\\\/\\\/schema.org\",\"@graph\":[{\"@type\":\"WebPage\",\"@id\":\"https:\\\/\\\/flavianatura.com\\\/tienda\\\/aviso-legal\\\/\",\"url\":\"https:\\\/\\\/flavianatura.com\\\/tienda\\\/aviso-legal\\\/\",\"name\":\"Aviso Legal - Flavianatura - Fabricaci\u00f3n de Iluminaci\u00f3n en Alicante\",\"isPartOf\":{\"@id\":\"https:\\\/\\\/flavianatura.com\\\/tienda\\\/#website\"},\"datePublished\":\"2024-05-02T20:05:39+00:00\",\"dateModified\":\"2024-05-21T20:44:01+00:00\",\"breadcrumb\":{\"@id\":\"https:\\\/\\\/flavianatura.com\\\/tienda\\\/aviso-legal\\\/#breadcrumb\"},\"inLanguage\":\"es\",\"potentialAction\":[{\"@type\":\"ReadAction\",\"target\":[\"https:\\\/\\\/flavianatura.com\\\/tienda\\\/aviso-legal\\\/\"]}]},{\"@type\":\"BreadcrumbList\",\"@id\":\"https:\\\/\\\/flavianatura.com\\\/tienda\\\/aviso-legal\\\/#breadcrumb\",\"itemListElement\":[{\"@type\":\"ListItem\",\"position\":1,\"name\":\"Portada\",\"item\":\"https:\\\/\\\/flavianatura.com\\\/tienda\\\/\"},{\"@type\":\"ListItem\",\"position\":2,\"name\":\"Aviso Legal\"}]},{\"@type\":\"WebSite\",\"@id\":\"https:\\\/\\\/flavianatura.com\\\/tienda\\\/#website\",\"url\":\"https:\\\/\\\/flavianatura.com\\\/tienda\\\/\",\"name\":\"Flavianatura - Fabricaci\u00f3n de Iluminaci\u00f3n en Alicante\",\"description\":\"Venta de Paneles led, Barras Led, Mesas, Sillas, Taburetes y m\u00e1s en Alicante\",\"publisher\":{\"@id\":\"https:\\\/\\\/flavianatura.com\\\/tienda\\\/#organization\"},\"potentialAction\":[{\"@type\":\"SearchAction\",\"target\":{\"@type\":\"EntryPoint\",\"urlTemplate\":\"https:\\\/\\\/flavianatura.com\\\/tienda\\\/?s={search_term_string}\"},\"query-input\":{\"@type\":\"PropertyValueSpecification\",\"valueRequired\":true,\"valueName\":\"search_term_string\"}}],\"inLanguage\":\"es\"},{\"@type\":\"Organization\",\"@id\":\"https:\\\/\\\/flavianatura.com\\\/tienda\\\/#organization\",\"name\":\"Flavianatura - Fabricaci\u00f3n de Iluminaci\u00f3n en Alicante\",\"url\":\"https:\\\/\\\/flavianatura.com\\\/tienda\\\/\",\"logo\":{\"@type\":\"ImageObject\",\"inLanguage\":\"es\",\"@id\":\"https:\\\/\\\/flavianatura.com\\\/tienda\\\/#\\\/schema\\\/logo\\\/image\\\/\",\"url\":\"https:\\\/\\\/flavianatura.com\\\/tienda\\\/wp-content\\\/uploads\\\/2024\\\/04\\\/logo-flavia.png\",\"contentUrl\":\"https:\\\/\\\/flavianatura.com\\\/tienda\\\/wp-content\\\/uploads\\\/2024\\\/04\\\/logo-flavia.png\",\"width\":672,\"height\":100,\"caption\":\"Flavianatura - Fabricaci\u00f3n de Iluminaci\u00f3n en Alicante\"},\"image\":{\"@id\":\"https:\\\/\\\/flavianatura.com\\\/tienda\\\/#\\\/schema\\\/logo\\\/image\\\/\"}}]}<\/script>\n<!-- \/ Yoast SEO plugin. -->","yoast_head_json":{"title":"Aviso Legal - Flavianatura - Fabricaci\u00f3n de Iluminaci\u00f3n en Alicante","robots":{"index":"index","follow":"follow","max-snippet":"max-snippet:-1","max-image-preview":"max-image-preview:large","max-video-preview":"max-video-preview:-1"},"canonical":"https:\/\/flavianatura.com\/tienda\/aviso-legal\/","og_locale":"es_ES","og_type":"article","og_title":"Aviso Legal - Flavianatura - Fabricaci\u00f3n de Iluminaci\u00f3n en Alicante","og_description":"Flavianatura 1. Informaci\u00f3n legal En cumplimiento del deber de informaci\u00f3n establecido en el art\u00edculo 10 de la Ley 34\/2002, de Servicios de la Sociedad de la Informaci\u00f3n y de Comercio Electr\u00f3nico, le comunicamos que el titular del sitio web https:\/\/flavianatura.com\/tienda\/ Flavianatura Los datos identificativos y de contacto con los titulares del sitio web https:\/\/flavianatura.com\/tienda\/ son [&hellip;]","og_url":"https:\/\/flavianatura.com\/tienda\/aviso-legal\/","og_site_name":"Flavianatura - Fabricaci\u00f3n de Iluminaci\u00f3n en Alicante","article_modified_time":"2024-05-21T20:44:01+00:00","twitter_card":"summary_large_image","twitter_misc":{"Tiempo de lectura":"10 minutos"},"schema":{"@context":"https:\/\/schema.org","@graph":[{"@type":"WebPage","@id":"https:\/\/flavianatura.com\/tienda\/aviso-legal\/","url":"https:\/\/flavianatura.com\/tienda\/aviso-legal\/","name":"Aviso Legal - Flavianatura - Fabricaci\u00f3n de Iluminaci\u00f3n en Alicante","isPartOf":{"@id":"https:\/\/flavianatura.com\/tienda\/#website"},"datePublished":"2024-05-02T20:05:39+00:00","dateModified":"2024-05-21T20:44:01+00:00","breadcrumb":{"@id":"https:\/\/flavianatura.com\/tienda\/aviso-legal\/#breadcrumb"},"inLanguage":"es","potentialAction":[{"@type":"ReadAction","target":["https:\/\/flavianatura.com\/tienda\/aviso-legal\/"]}]},{"@type":"BreadcrumbList","@id":"https:\/\/flavianatura.com\/tienda\/aviso-legal\/#breadcrumb","itemListElement":[{"@type":"ListItem","position":1,"name":"Portada","item":"https:\/\/flavianatura.com\/tienda\/"},{"@type":"ListItem","position":2,"name":"Aviso Legal"}]},{"@type":"WebSite","@id":"https:\/\/flavianatura.com\/tienda\/#website","url":"https:\/\/flavianatura.com\/tienda\/","name":"Flavianatura - Fabricaci\u00f3n de Iluminaci\u00f3n en Alicante","description":"Venta de Paneles led, Barras Led, Mesas, Sillas, Taburetes y m\u00e1s en Alicante","publisher":{"@id":"https:\/\/flavianatura.com\/tienda\/#organization"},"potentialAction":[{"@type":"SearchAction","target":{"@type":"EntryPoint","urlTemplate":"https:\/\/flavianatura.com\/tienda\/?s={search_term_string}"},"query-input":{"@type":"PropertyValueSpecification","valueRequired":true,"valueName":"search_term_string"}}],"inLanguage":"es"},{"@type":"Organization","@id":"https:\/\/flavianatura.com\/tienda\/#organization","name":"Flavianatura - Fabricaci\u00f3n de Iluminaci\u00f3n en Alicante","url":"https:\/\/flavianatura.com\/tienda\/","logo":{"@type":"ImageObject","inLanguage":"es","@id":"https:\/\/flavianatura.com\/tienda\/#\/schema\/logo\/image\/","url":"https:\/\/flavianatura.com\/tienda\/wp-content\/uploads\/2024\/04\/logo-flavia.png","contentUrl":"https:\/\/flavianatura.com\/tienda\/wp-content\/uploads\/2024\/04\/logo-flavia.png","width":672,"height":100,"caption":"Flavianatura - Fabricaci\u00f3n de Iluminaci\u00f3n en Alicante"},"image":{"@id":"https:\/\/flavianatura.com\/tienda\/#\/schema\/logo\/image\/"}}]}},"_links":{"self":[{"href":"https:\/\/flavianatura.com\/tienda\/wp-json\/wp\/v2\/pages\/34371","targetHints":{"allow":["GET"]}}],"collection":[{"href":"https:\/\/flavianatura.com\/tienda\/wp-json\/wp\/v2\/pages"}],"about":[{"href":"https:\/\/flavianatura.com\/tienda\/wp-json\/wp\/v2\/types\/page"}],"author":[{"embeddable":true,"href":"https:\/\/flavianatura.com\/tienda\/wp-json\/wp\/v2\/users\/1"}],"replies":[{"embeddable":true,"href":"https:\/\/flavianatura.com\/tienda\/wp-json\/wp\/v2\/comments?post=34371"}],"version-history":[{"count":4,"href":"https:\/\/flavianatura.com\/tienda\/wp-json\/wp\/v2\/pages\/34371\/revisions"}],"predecessor-version":[{"id":34430,"href":"https:\/\/flavianatura.com\/tienda\/wp-json\/wp\/v2\/pages\/34371\/revisions\/34430"}],"wp:attachment":[{"href":"https:\/\/flavianatura.com\/tienda\/wp-json\/wp\/v2\/media?parent=34371"}],"curies":[{"name":"wp","href":"https:\/\/api.w.org\/{rel}","templated":true}]}}