{"id":2340,"date":"2023-04-12T10:19:05","date_gmt":"2023-04-12T10:19:05","guid":{"rendered":"https:\/\/flavianatura.com\/tienda\/?post_type=product&#038;p=2340"},"modified":"2024-05-02T19:37:03","modified_gmt":"2024-05-02T19:37:03","slug":"tiras-led-para-exterior","status":"publish","type":"product","link":"https:\/\/flavianatura.com\/tienda\/producto\/tiras-led-para-exterior\/","title":{"rendered":"Tiras Led para Exterior"},"content":{"rendered":"<div class=\"flex-1 overflow-hidden\">\n<div class=\"react-scroll-to-bottom--css-xzreh-79elbk h-full\">\n<div class=\"react-scroll-to-bottom--css-xzreh-1n7m0yu\">\n<div>\n<div class=\"flex flex-col text-sm pb-9\">\n<div class=\"w-full text-token-text-primary\" dir=\"auto\" data-testid=\"conversation-turn-9\" data-scroll-anchor=\"true\">\n<div class=\"px-4 py-2 justify-center text-base md:gap-6 m-auto\">\n<div class=\"flex flex-1 text-base mx-auto gap-3 juice:gap-4 juice:md:gap-6 md:px-5 lg:px-1 xl:px-5 md:max-w-3xl lg:max-w-[40rem] xl:max-w-[48rem]\">\n<div class=\"relative flex w-full min-w-0 flex-col agent-turn\">\n<div class=\"flex-col gap-1 md:gap-3\">\n<div class=\"flex flex-grow flex-col max-w-full\">\n<div class=\"min-h-[20px] text-message flex flex-col items-start gap-3 whitespace-pre-wrap break-words [.text-message+&amp;]:mt-5 overflow-x-auto\" dir=\"auto\" data-message-author-role=\"assistant\" data-message-id=\"a820018f-a0f8-49a8-bd87-7fb13b67209c\">\n<div class=\"markdown prose w-full break-words dark:prose-invert dark\">\n<p>Tus espacios exteriores se iluminar\u00e1n como nunca antes con nuestras tiras LED para exterior. Experimenta una atm\u00f3sfera encantadora y llena de colores que enriquecer\u00e1 cada encuentro y dejar\u00e1 una impresi\u00f3n memorable en tus invitados.<\/p>\n<\/div>\n<\/div>\n<\/div>\n<\/div>\n<\/div>\n<\/div>\n<\/div>\n<\/div>\n<\/div>\n<\/div>\n<\/div>\n<\/div>\n<\/div>\n","protected":false},"excerpt":{"rendered":"<p>Experimenta una atm\u00f3sfera encantadora y llena de colores que enriquecer\u00e1 cada encuentro y dejar\u00e1 una impresi\u00f3n memorable en tus invitados.<\/p>\n","protected":false},"featured_media":34097,"template":"","meta":[],"product_brand":[],"product_cat":[274,260],"product_tag":[],"class_list":{"0":"post-2340","1":"product","2":"type-product","3":"status-publish","4":"has-post-thumbnail","6":"product_cat-exterior","7":"product_cat-tiras-led","9":"first","10":"instock","11":"shipping-taxable","12":"purchasable","13":"product-type-simple"},"yoast_head":"<!-- This site is optimized with the Yoast SEO plugin v27.4 - https:\/\/yoast.com\/product\/yoast-seo-wordpress\/ -->\n<title>Tiras Led para Exterior - Flavianatura - Fabricaci\u00f3n de Iluminaci\u00f3n en Alicante<\/title>\n<meta name=\"robots\" content=\"index, follow, max-snippet:-1, max-image-preview:large, max-video-preview:-1\" \/>\n<link rel=\"canonical\" href=\"https:\/\/flavianatura.com\/tienda\/producto\/tiras-led-para-exterior\/\" \/>\n<meta property=\"og:locale\" content=\"es_ES\" \/>\n<meta property=\"og:type\" content=\"article\" \/>\n<meta property=\"og:title\" content=\"Tiras Led para Exterior - Flavianatura - Fabricaci\u00f3n de Iluminaci\u00f3n en Alicante\" \/>\n<meta property=\"og:description\" content=\"Experimenta una atm\u00f3sfera encantadora y llena de colores que enriquecer\u00e1 cada encuentro y dejar\u00e1 una impresi\u00f3n memorable en tus invitados.\" \/>\n<meta property=\"og:url\" content=\"https:\/\/flavianatura.com\/tienda\/producto\/tiras-led-para-exterior\/\" \/>\n<meta property=\"og:site_name\" content=\"Flavianatura - Fabricaci\u00f3n de Iluminaci\u00f3n en Alicante\" \/>\n<meta property=\"article:modified_time\" content=\"2024-05-02T19:37:03+00:00\" \/>\n<meta property=\"og:image\" content=\"https:\/\/flavianatura.com\/tienda\/wp-content\/uploads\/2024\/05\/131061195_3640755986013879_8397859818555771515_n.jpg\" \/>\n\t<meta property=\"og:image:width\" content=\"1078\" \/>\n\t<meta property=\"og:image:height\" content=\"722\" \/>\n\t<meta property=\"og:image:type\" content=\"image\/jpeg\" \/>\n<meta name=\"twitter:card\" content=\"summary_large_image\" \/>\n<script type=\"application\/ld+json\" class=\"yoast-schema-graph\">{\"@context\":\"https:\\\/\\\/schema.org\",\"@graph\":[{\"@type\":\"WebPage\",\"@id\":\"https:\\\/\\\/flavianatura.com\\\/tienda\\\/producto\\\/tiras-led-para-exterior\\\/\",\"url\":\"https:\\\/\\\/flavianatura.com\\\/tienda\\\/producto\\\/tiras-led-para-exterior\\\/\",\"name\":\"Tiras Led para Exterior - Flavianatura - Fabricaci\u00f3n de Iluminaci\u00f3n en Alicante\",\"isPartOf\":{\"@id\":\"https:\\\/\\\/flavianatura.com\\\/tienda\\\/#website\"},\"primaryImageOfPage\":{\"@id\":\"https:\\\/\\\/flavianatura.com\\\/tienda\\\/producto\\\/tiras-led-para-exterior\\\/#primaryimage\"},\"image\":{\"@id\":\"https:\\\/\\\/flavianatura.com\\\/tienda\\\/producto\\\/tiras-led-para-exterior\\\/#primaryimage\"},\"thumbnailUrl\":\"https:\\\/\\\/flavianatura.com\\\/tienda\\\/wp-content\\\/uploads\\\/2024\\\/05\\\/131061195_3640755986013879_8397859818555771515_n.jpg\",\"datePublished\":\"2023-04-12T10:19:05+00:00\",\"dateModified\":\"2024-05-02T19:37:03+00:00\",\"breadcrumb\":{\"@id\":\"https:\\\/\\\/flavianatura.com\\\/tienda\\\/producto\\\/tiras-led-para-exterior\\\/#breadcrumb\"},\"inLanguage\":\"es\",\"potentialAction\":[{\"@type\":\"ReadAction\",\"target\":[\"https:\\\/\\\/flavianatura.com\\\/tienda\\\/producto\\\/tiras-led-para-exterior\\\/\"]}]},{\"@type\":\"ImageObject\",\"inLanguage\":\"es\",\"@id\":\"https:\\\/\\\/flavianatura.com\\\/tienda\\\/producto\\\/tiras-led-para-exterior\\\/#primaryimage\",\"url\":\"https:\\\/\\\/flavianatura.com\\\/tienda\\\/wp-content\\\/uploads\\\/2024\\\/05\\\/131061195_3640755986013879_8397859818555771515_n.jpg\",\"contentUrl\":\"https:\\\/\\\/flavianatura.com\\\/tienda\\\/wp-content\\\/uploads\\\/2024\\\/05\\\/131061195_3640755986013879_8397859818555771515_n.jpg\",\"width\":1078,\"height\":722},{\"@type\":\"BreadcrumbList\",\"@id\":\"https:\\\/\\\/flavianatura.com\\\/tienda\\\/producto\\\/tiras-led-para-exterior\\\/#breadcrumb\",\"itemListElement\":[{\"@type\":\"ListItem\",\"position\":1,\"name\":\"Portada\",\"item\":\"https:\\\/\\\/flavianatura.com\\\/tienda\\\/\"},{\"@type\":\"ListItem\",\"position\":2,\"name\":\"Productos\",\"item\":\"https:\\\/\\\/flavianatura.com\\\/tienda\\\/productos\\\/\"},{\"@type\":\"ListItem\",\"position\":3,\"name\":\"Tiras Led para Exterior\"}]},{\"@type\":\"WebSite\",\"@id\":\"https:\\\/\\\/flavianatura.com\\\/tienda\\\/#website\",\"url\":\"https:\\\/\\\/flavianatura.com\\\/tienda\\\/\",\"name\":\"Flavianatura - Fabricaci\u00f3n de Iluminaci\u00f3n en Alicante\",\"description\":\"Venta de Paneles led, Barras Led, Mesas, Sillas, Taburetes y m\u00e1s en Alicante\",\"publisher\":{\"@id\":\"https:\\\/\\\/flavianatura.com\\\/tienda\\\/#organization\"},\"potentialAction\":[{\"@type\":\"SearchAction\",\"target\":{\"@type\":\"EntryPoint\",\"urlTemplate\":\"https:\\\/\\\/flavianatura.com\\\/tienda\\\/?s={search_term_string}\"},\"query-input\":{\"@type\":\"PropertyValueSpecification\",\"valueRequired\":true,\"valueName\":\"search_term_string\"}}],\"inLanguage\":\"es\"},{\"@type\":\"Organization\",\"@id\":\"https:\\\/\\\/flavianatura.com\\\/tienda\\\/#organization\",\"name\":\"Flavianatura - Fabricaci\u00f3n de Iluminaci\u00f3n en Alicante\",\"url\":\"https:\\\/\\\/flavianatura.com\\\/tienda\\\/\",\"logo\":{\"@type\":\"ImageObject\",\"inLanguage\":\"es\",\"@id\":\"https:\\\/\\\/flavianatura.com\\\/tienda\\\/#\\\/schema\\\/logo\\\/image\\\/\",\"url\":\"https:\\\/\\\/flavianatura.com\\\/tienda\\\/wp-content\\\/uploads\\\/2024\\\/04\\\/logo-flavia.png\",\"contentUrl\":\"https:\\\/\\\/flavianatura.com\\\/tienda\\\/wp-content\\\/uploads\\\/2024\\\/04\\\/logo-flavia.png\",\"width\":672,\"height\":100,\"caption\":\"Flavianatura - Fabricaci\u00f3n de Iluminaci\u00f3n en Alicante\"},\"image\":{\"@id\":\"https:\\\/\\\/flavianatura.com\\\/tienda\\\/#\\\/schema\\\/logo\\\/image\\\/\"}}]}<\/script>\n<!-- \/ Yoast SEO plugin. -->","yoast_head_json":{"title":"Tiras Led para Exterior - Flavianatura - Fabricaci\u00f3n de Iluminaci\u00f3n en Alicante","robots":{"index":"index","follow":"follow","max-snippet":"max-snippet:-1","max-image-preview":"max-image-preview:large","max-video-preview":"max-video-preview:-1"},"canonical":"https:\/\/flavianatura.com\/tienda\/producto\/tiras-led-para-exterior\/","og_locale":"es_ES","og_type":"article","og_title":"Tiras Led para Exterior - Flavianatura - Fabricaci\u00f3n de Iluminaci\u00f3n en Alicante","og_description":"Experimenta una atm\u00f3sfera encantadora y llena de colores que enriquecer\u00e1 cada encuentro y dejar\u00e1 una impresi\u00f3n memorable en tus invitados.","og_url":"https:\/\/flavianatura.com\/tienda\/producto\/tiras-led-para-exterior\/","og_site_name":"Flavianatura - Fabricaci\u00f3n de Iluminaci\u00f3n en Alicante","article_modified_time":"2024-05-02T19:37:03+00:00","og_image":[{"width":1078,"height":722,"url":"https:\/\/flavianatura.com\/tienda\/wp-content\/uploads\/2024\/05\/131061195_3640755986013879_8397859818555771515_n.jpg","type":"image\/jpeg"}],"twitter_card":"summary_large_image","schema":{"@context":"https:\/\/schema.org","@graph":[{"@type":"WebPage","@id":"https:\/\/flavianatura.com\/tienda\/producto\/tiras-led-para-exterior\/","url":"https:\/\/flavianatura.com\/tienda\/producto\/tiras-led-para-exterior\/","name":"Tiras Led para Exterior - Flavianatura - Fabricaci\u00f3n de Iluminaci\u00f3n en Alicante","isPartOf":{"@id":"https:\/\/flavianatura.com\/tienda\/#website"},"primaryImageOfPage":{"@id":"https:\/\/flavianatura.com\/tienda\/producto\/tiras-led-para-exterior\/#primaryimage"},"image":{"@id":"https:\/\/flavianatura.com\/tienda\/producto\/tiras-led-para-exterior\/#primaryimage"},"thumbnailUrl":"https:\/\/flavianatura.com\/tienda\/wp-content\/uploads\/2024\/05\/131061195_3640755986013879_8397859818555771515_n.jpg","datePublished":"2023-04-12T10:19:05+00:00","dateModified":"2024-05-02T19:37:03+00:00","breadcrumb":{"@id":"https:\/\/flavianatura.com\/tienda\/producto\/tiras-led-para-exterior\/#breadcrumb"},"inLanguage":"es","potentialAction":[{"@type":"ReadAction","target":["https:\/\/flavianatura.com\/tienda\/producto\/tiras-led-para-exterior\/"]}]},{"@type":"ImageObject","inLanguage":"es","@id":"https:\/\/flavianatura.com\/tienda\/producto\/tiras-led-para-exterior\/#primaryimage","url":"https:\/\/flavianatura.com\/tienda\/wp-content\/uploads\/2024\/05\/131061195_3640755986013879_8397859818555771515_n.jpg","contentUrl":"https:\/\/flavianatura.com\/tienda\/wp-content\/uploads\/2024\/05\/131061195_3640755986013879_8397859818555771515_n.jpg","width":1078,"height":722},{"@type":"BreadcrumbList","@id":"https:\/\/flavianatura.com\/tienda\/producto\/tiras-led-para-exterior\/#breadcrumb","itemListElement":[{"@type":"ListItem","position":1,"name":"Portada","item":"https:\/\/flavianatura.com\/tienda\/"},{"@type":"ListItem","position":2,"name":"Productos","item":"https:\/\/flavianatura.com\/tienda\/productos\/"},{"@type":"ListItem","position":3,"name":"Tiras Led para Exterior"}]},{"@type":"WebSite","@id":"https:\/\/flavianatura.com\/tienda\/#website","url":"https:\/\/flavianatura.com\/tienda\/","name":"Flavianatura - Fabricaci\u00f3n de Iluminaci\u00f3n en Alicante","description":"Venta de Paneles led, Barras Led, Mesas, Sillas, Taburetes y m\u00e1s en Alicante","publisher":{"@id":"https:\/\/flavianatura.com\/tienda\/#organization"},"potentialAction":[{"@type":"SearchAction","target":{"@type":"EntryPoint","urlTemplate":"https:\/\/flavianatura.com\/tienda\/?s={search_term_string}"},"query-input":{"@type":"PropertyValueSpecification","valueRequired":true,"valueName":"search_term_string"}}],"inLanguage":"es"},{"@type":"Organization","@id":"https:\/\/flavianatura.com\/tienda\/#organization","name":"Flavianatura - Fabricaci\u00f3n de Iluminaci\u00f3n en Alicante","url":"https:\/\/flavianatura.com\/tienda\/","logo":{"@type":"ImageObject","inLanguage":"es","@id":"https:\/\/flavianatura.com\/tienda\/#\/schema\/logo\/image\/","url":"https:\/\/flavianatura.com\/tienda\/wp-content\/uploads\/2024\/04\/logo-flavia.png","contentUrl":"https:\/\/flavianatura.com\/tienda\/wp-content\/uploads\/2024\/04\/logo-flavia.png","width":672,"height":100,"caption":"Flavianatura - Fabricaci\u00f3n de Iluminaci\u00f3n en Alicante"},"image":{"@id":"https:\/\/flavianatura.com\/tienda\/#\/schema\/logo\/image\/"}}]}},"_links":{"self":[{"href":"https:\/\/flavianatura.com\/tienda\/wp-json\/wp\/v2\/product\/2340","targetHints":{"allow":["GET"]}}],"collection":[{"href":"https:\/\/flavianatura.com\/tienda\/wp-json\/wp\/v2\/product"}],"about":[{"href":"https:\/\/flavianatura.com\/tienda\/wp-json\/wp\/v2\/types\/product"}],"wp:featuredmedia":[{"embeddable":true,"href":"https:\/\/flavianatura.com\/tienda\/wp-json\/wp\/v2\/media\/34097"}],"wp:attachment":[{"href":"https:\/\/flavianatura.com\/tienda\/wp-json\/wp\/v2\/media?parent=2340"}],"wp:term":[{"taxonomy":"product_brand","embeddable":true,"href":"https:\/\/flavianatura.com\/tienda\/wp-json\/wp\/v2\/product_brand?post=2340"},{"taxonomy":"product_cat","embeddable":true,"href":"https:\/\/flavianatura.com\/tienda\/wp-json\/wp\/v2\/product_cat?post=2340"},{"taxonomy":"product_tag","embeddable":true,"href":"https:\/\/flavianatura.com\/tienda\/wp-json\/wp\/v2\/product_tag?post=2340"}],"curies":[{"name":"wp","href":"https:\/\/api.w.org\/{rel}","templated":true}]}}