{"id":2344,"date":"2023-04-12T10:29:27","date_gmt":"2023-04-12T10:29:27","guid":{"rendered":"https:\/\/flavianatura.com\/tienda\/?post_type=product&#038;p=2344"},"modified":"2024-05-02T19:33:40","modified_gmt":"2024-05-02T19:33:40","slug":"sillas-led","status":"publish","type":"product","link":"https:\/\/flavianatura.com\/tienda\/producto\/sillas-led\/","title":{"rendered":"Sillas Led"},"content":{"rendered":"<div class=\"w-full text-token-text-primary\" dir=\"auto\" data-testid=\"conversation-turn-5\" data-scroll-anchor=\"true\">\n<div class=\"px-4 py-2 justify-center text-base md:gap-6 m-auto\">\n<div class=\"flex flex-1 text-base mx-auto gap-3 juice:gap-4 juice:md:gap-6 md:px-5 lg:px-1 xl:px-5 md:max-w-3xl lg:max-w-[40rem] xl:max-w-[48rem]\">\n<div class=\"relative flex w-full min-w-0 flex-col agent-turn\">\n<div class=\"flex-col gap-1 md:gap-3\">\n<div class=\"flex flex-grow flex-col max-w-full\">\n<div class=\"min-h-[20px] text-message flex flex-col items-start gap-3 whitespace-pre-wrap break-words [.text-message+&amp;]:mt-5 overflow-x-auto\" dir=\"auto\" data-message-author-role=\"assistant\" data-message-id=\"c6c9e548-e3b1-4a42-ae73-bd721d904f9c\">\n<div class=\"markdown prose w-full break-words dark:prose-invert dark\">\n<p>Tus celebraciones se transformar\u00e1n con nuestras sillas LED. Disfruta de un ambiente lleno de energ\u00eda y color que no solo mejorar\u00e1 la atm\u00f3sfera, sino que tambi\u00e9n ser\u00e1 el tema principal de todas las conversaciones.<\/p>\n<\/div>\n<\/div>\n<\/div>\n<\/div>\n<\/div>\n<\/div>\n<\/div>\n<\/div>\n","protected":false},"excerpt":{"rendered":"<p>Disfruta de un ambiente lleno de energ\u00eda y color que no solo mejorar\u00e1 la atm\u00f3sfera, sino que tambi\u00e9n ser\u00e1 el tema principal de todas las conversaciones.<\/p>\n","protected":false},"featured_media":34233,"template":"","meta":[],"product_brand":[],"product_cat":[256,257],"product_tag":[],"class_list":{"0":"post-2344","1":"product","2":"type-product","3":"status-publish","4":"has-post-thumbnail","6":"product_cat-muebles","7":"product_cat-sillas","9":"first","10":"instock","11":"sale","12":"shipping-taxable","13":"purchasable","14":"product-type-simple"},"yoast_head":"<!-- This site is optimized with the Yoast SEO plugin v27.4 - https:\/\/yoast.com\/product\/yoast-seo-wordpress\/ -->\n<title>Sillas Led - Flavianatura - Fabricaci\u00f3n de Iluminaci\u00f3n en Alicante<\/title>\n<meta name=\"robots\" content=\"index, follow, max-snippet:-1, max-image-preview:large, max-video-preview:-1\" \/>\n<link rel=\"canonical\" href=\"https:\/\/flavianatura.com\/tienda\/producto\/sillas-led\/\" \/>\n<meta property=\"og:locale\" content=\"es_ES\" \/>\n<meta property=\"og:type\" content=\"article\" \/>\n<meta property=\"og:title\" content=\"Sillas Led - Flavianatura - Fabricaci\u00f3n de Iluminaci\u00f3n en Alicante\" \/>\n<meta property=\"og:description\" content=\"Disfruta de un ambiente lleno de energ\u00eda y color que no solo mejorar\u00e1 la atm\u00f3sfera, sino que tambi\u00e9n ser\u00e1 el tema principal de todas las conversaciones.\" \/>\n<meta property=\"og:url\" content=\"https:\/\/flavianatura.com\/tienda\/producto\/sillas-led\/\" \/>\n<meta property=\"og:site_name\" content=\"Flavianatura - Fabricaci\u00f3n de Iluminaci\u00f3n en Alicante\" \/>\n<meta property=\"article:modified_time\" content=\"2024-05-02T19:33:40+00:00\" \/>\n<meta property=\"og:image\" content=\"https:\/\/flavianatura.com\/tienda\/wp-content\/uploads\/2024\/05\/1_2_b5e49368-dd41-46cc-b333-cfd4fc60b16c-832650_800x800.jpg\" \/>\n\t<meta property=\"og:image:width\" content=\"800\" \/>\n\t<meta property=\"og:image:height\" content=\"800\" \/>\n\t<meta property=\"og:image:type\" content=\"image\/jpeg\" \/>\n<meta name=\"twitter:card\" content=\"summary_large_image\" \/>\n<script type=\"application\/ld+json\" class=\"yoast-schema-graph\">{\"@context\":\"https:\\\/\\\/schema.org\",\"@graph\":[{\"@type\":\"WebPage\",\"@id\":\"https:\\\/\\\/flavianatura.com\\\/tienda\\\/producto\\\/sillas-led\\\/\",\"url\":\"https:\\\/\\\/flavianatura.com\\\/tienda\\\/producto\\\/sillas-led\\\/\",\"name\":\"Sillas Led - Flavianatura - Fabricaci\u00f3n de Iluminaci\u00f3n en Alicante\",\"isPartOf\":{\"@id\":\"https:\\\/\\\/flavianatura.com\\\/tienda\\\/#website\"},\"primaryImageOfPage\":{\"@id\":\"https:\\\/\\\/flavianatura.com\\\/tienda\\\/producto\\\/sillas-led\\\/#primaryimage\"},\"image\":{\"@id\":\"https:\\\/\\\/flavianatura.com\\\/tienda\\\/producto\\\/sillas-led\\\/#primaryimage\"},\"thumbnailUrl\":\"https:\\\/\\\/flavianatura.com\\\/tienda\\\/wp-content\\\/uploads\\\/2024\\\/05\\\/1_2_b5e49368-dd41-46cc-b333-cfd4fc60b16c-832650_800x800.jpg\",\"datePublished\":\"2023-04-12T10:29:27+00:00\",\"dateModified\":\"2024-05-02T19:33:40+00:00\",\"breadcrumb\":{\"@id\":\"https:\\\/\\\/flavianatura.com\\\/tienda\\\/producto\\\/sillas-led\\\/#breadcrumb\"},\"inLanguage\":\"es\",\"potentialAction\":[{\"@type\":\"ReadAction\",\"target\":[\"https:\\\/\\\/flavianatura.com\\\/tienda\\\/producto\\\/sillas-led\\\/\"]}]},{\"@type\":\"ImageObject\",\"inLanguage\":\"es\",\"@id\":\"https:\\\/\\\/flavianatura.com\\\/tienda\\\/producto\\\/sillas-led\\\/#primaryimage\",\"url\":\"https:\\\/\\\/flavianatura.com\\\/tienda\\\/wp-content\\\/uploads\\\/2024\\\/05\\\/1_2_b5e49368-dd41-46cc-b333-cfd4fc60b16c-832650_800x800.jpg\",\"contentUrl\":\"https:\\\/\\\/flavianatura.com\\\/tienda\\\/wp-content\\\/uploads\\\/2024\\\/05\\\/1_2_b5e49368-dd41-46cc-b333-cfd4fc60b16c-832650_800x800.jpg\",\"width\":800,\"height\":800},{\"@type\":\"BreadcrumbList\",\"@id\":\"https:\\\/\\\/flavianatura.com\\\/tienda\\\/producto\\\/sillas-led\\\/#breadcrumb\",\"itemListElement\":[{\"@type\":\"ListItem\",\"position\":1,\"name\":\"Portada\",\"item\":\"https:\\\/\\\/flavianatura.com\\\/tienda\\\/\"},{\"@type\":\"ListItem\",\"position\":2,\"name\":\"Productos\",\"item\":\"https:\\\/\\\/flavianatura.com\\\/tienda\\\/productos\\\/\"},{\"@type\":\"ListItem\",\"position\":3,\"name\":\"Sillas Led\"}]},{\"@type\":\"WebSite\",\"@id\":\"https:\\\/\\\/flavianatura.com\\\/tienda\\\/#website\",\"url\":\"https:\\\/\\\/flavianatura.com\\\/tienda\\\/\",\"name\":\"Flavianatura - Fabricaci\u00f3n de Iluminaci\u00f3n en Alicante\",\"description\":\"Venta de Paneles led, Barras Led, Mesas, Sillas, Taburetes y m\u00e1s en Alicante\",\"publisher\":{\"@id\":\"https:\\\/\\\/flavianatura.com\\\/tienda\\\/#organization\"},\"potentialAction\":[{\"@type\":\"SearchAction\",\"target\":{\"@type\":\"EntryPoint\",\"urlTemplate\":\"https:\\\/\\\/flavianatura.com\\\/tienda\\\/?s={search_term_string}\"},\"query-input\":{\"@type\":\"PropertyValueSpecification\",\"valueRequired\":true,\"valueName\":\"search_term_string\"}}],\"inLanguage\":\"es\"},{\"@type\":\"Organization\",\"@id\":\"https:\\\/\\\/flavianatura.com\\\/tienda\\\/#organization\",\"name\":\"Flavianatura - Fabricaci\u00f3n de Iluminaci\u00f3n en Alicante\",\"url\":\"https:\\\/\\\/flavianatura.com\\\/tienda\\\/\",\"logo\":{\"@type\":\"ImageObject\",\"inLanguage\":\"es\",\"@id\":\"https:\\\/\\\/flavianatura.com\\\/tienda\\\/#\\\/schema\\\/logo\\\/image\\\/\",\"url\":\"https:\\\/\\\/flavianatura.com\\\/tienda\\\/wp-content\\\/uploads\\\/2024\\\/04\\\/logo-flavia.png\",\"contentUrl\":\"https:\\\/\\\/flavianatura.com\\\/tienda\\\/wp-content\\\/uploads\\\/2024\\\/04\\\/logo-flavia.png\",\"width\":672,\"height\":100,\"caption\":\"Flavianatura - Fabricaci\u00f3n de Iluminaci\u00f3n en Alicante\"},\"image\":{\"@id\":\"https:\\\/\\\/flavianatura.com\\\/tienda\\\/#\\\/schema\\\/logo\\\/image\\\/\"}}]}<\/script>\n<!-- \/ Yoast SEO plugin. -->","yoast_head_json":{"title":"Sillas Led - Flavianatura - Fabricaci\u00f3n de Iluminaci\u00f3n en Alicante","robots":{"index":"index","follow":"follow","max-snippet":"max-snippet:-1","max-image-preview":"max-image-preview:large","max-video-preview":"max-video-preview:-1"},"canonical":"https:\/\/flavianatura.com\/tienda\/producto\/sillas-led\/","og_locale":"es_ES","og_type":"article","og_title":"Sillas Led - Flavianatura - Fabricaci\u00f3n de Iluminaci\u00f3n en Alicante","og_description":"Disfruta de un ambiente lleno de energ\u00eda y color que no solo mejorar\u00e1 la atm\u00f3sfera, sino que tambi\u00e9n ser\u00e1 el tema principal de todas las conversaciones.","og_url":"https:\/\/flavianatura.com\/tienda\/producto\/sillas-led\/","og_site_name":"Flavianatura - Fabricaci\u00f3n de Iluminaci\u00f3n en Alicante","article_modified_time":"2024-05-02T19:33:40+00:00","og_image":[{"width":800,"height":800,"url":"https:\/\/flavianatura.com\/tienda\/wp-content\/uploads\/2024\/05\/1_2_b5e49368-dd41-46cc-b333-cfd4fc60b16c-832650_800x800.jpg","type":"image\/jpeg"}],"twitter_card":"summary_large_image","schema":{"@context":"https:\/\/schema.org","@graph":[{"@type":"WebPage","@id":"https:\/\/flavianatura.com\/tienda\/producto\/sillas-led\/","url":"https:\/\/flavianatura.com\/tienda\/producto\/sillas-led\/","name":"Sillas Led - Flavianatura - Fabricaci\u00f3n de Iluminaci\u00f3n en Alicante","isPartOf":{"@id":"https:\/\/flavianatura.com\/tienda\/#website"},"primaryImageOfPage":{"@id":"https:\/\/flavianatura.com\/tienda\/producto\/sillas-led\/#primaryimage"},"image":{"@id":"https:\/\/flavianatura.com\/tienda\/producto\/sillas-led\/#primaryimage"},"thumbnailUrl":"https:\/\/flavianatura.com\/tienda\/wp-content\/uploads\/2024\/05\/1_2_b5e49368-dd41-46cc-b333-cfd4fc60b16c-832650_800x800.jpg","datePublished":"2023-04-12T10:29:27+00:00","dateModified":"2024-05-02T19:33:40+00:00","breadcrumb":{"@id":"https:\/\/flavianatura.com\/tienda\/producto\/sillas-led\/#breadcrumb"},"inLanguage":"es","potentialAction":[{"@type":"ReadAction","target":["https:\/\/flavianatura.com\/tienda\/producto\/sillas-led\/"]}]},{"@type":"ImageObject","inLanguage":"es","@id":"https:\/\/flavianatura.com\/tienda\/producto\/sillas-led\/#primaryimage","url":"https:\/\/flavianatura.com\/tienda\/wp-content\/uploads\/2024\/05\/1_2_b5e49368-dd41-46cc-b333-cfd4fc60b16c-832650_800x800.jpg","contentUrl":"https:\/\/flavianatura.com\/tienda\/wp-content\/uploads\/2024\/05\/1_2_b5e49368-dd41-46cc-b333-cfd4fc60b16c-832650_800x800.jpg","width":800,"height":800},{"@type":"BreadcrumbList","@id":"https:\/\/flavianatura.com\/tienda\/producto\/sillas-led\/#breadcrumb","itemListElement":[{"@type":"ListItem","position":1,"name":"Portada","item":"https:\/\/flavianatura.com\/tienda\/"},{"@type":"ListItem","position":2,"name":"Productos","item":"https:\/\/flavianatura.com\/tienda\/productos\/"},{"@type":"ListItem","position":3,"name":"Sillas Led"}]},{"@type":"WebSite","@id":"https:\/\/flavianatura.com\/tienda\/#website","url":"https:\/\/flavianatura.com\/tienda\/","name":"Flavianatura - Fabricaci\u00f3n de Iluminaci\u00f3n en Alicante","description":"Venta de Paneles led, Barras Led, Mesas, Sillas, Taburetes y m\u00e1s en Alicante","publisher":{"@id":"https:\/\/flavianatura.com\/tienda\/#organization"},"potentialAction":[{"@type":"SearchAction","target":{"@type":"EntryPoint","urlTemplate":"https:\/\/flavianatura.com\/tienda\/?s={search_term_string}"},"query-input":{"@type":"PropertyValueSpecification","valueRequired":true,"valueName":"search_term_string"}}],"inLanguage":"es"},{"@type":"Organization","@id":"https:\/\/flavianatura.com\/tienda\/#organization","name":"Flavianatura - Fabricaci\u00f3n de Iluminaci\u00f3n en Alicante","url":"https:\/\/flavianatura.com\/tienda\/","logo":{"@type":"ImageObject","inLanguage":"es","@id":"https:\/\/flavianatura.com\/tienda\/#\/schema\/logo\/image\/","url":"https:\/\/flavianatura.com\/tienda\/wp-content\/uploads\/2024\/04\/logo-flavia.png","contentUrl":"https:\/\/flavianatura.com\/tienda\/wp-content\/uploads\/2024\/04\/logo-flavia.png","width":672,"height":100,"caption":"Flavianatura - Fabricaci\u00f3n de Iluminaci\u00f3n en Alicante"},"image":{"@id":"https:\/\/flavianatura.com\/tienda\/#\/schema\/logo\/image\/"}}]}},"_links":{"self":[{"href":"https:\/\/flavianatura.com\/tienda\/wp-json\/wp\/v2\/product\/2344","targetHints":{"allow":["GET"]}}],"collection":[{"href":"https:\/\/flavianatura.com\/tienda\/wp-json\/wp\/v2\/product"}],"about":[{"href":"https:\/\/flavianatura.com\/tienda\/wp-json\/wp\/v2\/types\/product"}],"wp:featuredmedia":[{"embeddable":true,"href":"https:\/\/flavianatura.com\/tienda\/wp-json\/wp\/v2\/media\/34233"}],"wp:attachment":[{"href":"https:\/\/flavianatura.com\/tienda\/wp-json\/wp\/v2\/media?parent=2344"}],"wp:term":[{"taxonomy":"product_brand","embeddable":true,"href":"https:\/\/flavianatura.com\/tienda\/wp-json\/wp\/v2\/product_brand?post=2344"},{"taxonomy":"product_cat","embeddable":true,"href":"https:\/\/flavianatura.com\/tienda\/wp-json\/wp\/v2\/product_cat?post=2344"},{"taxonomy":"product_tag","embeddable":true,"href":"https:\/\/flavianatura.com\/tienda\/wp-json\/wp\/v2\/product_tag?post=2344"}],"curies":[{"name":"wp","href":"https:\/\/api.w.org\/{rel}","templated":true}]}}