{"id":2345,"date":"2023-04-12T10:33:03","date_gmt":"2023-04-12T10:33:03","guid":{"rendered":"https:\/\/flavianatura.com\/tienda\/?post_type=product&#038;p=2345"},"modified":"2024-05-02T19:32:19","modified_gmt":"2024-05-02T19:32:19","slug":"muebles-led","status":"publish","type":"product","link":"https:\/\/flavianatura.com\/tienda\/producto\/muebles-led\/","title":{"rendered":"Muebles LED"},"content":{"rendered":"<p>Prep\u00e1rate para celebraciones vibrantes y llenas de color que transformar\u00e1n el ambiente y se convertir\u00e1n en el centro de todas las conversaciones.<\/p>\n","protected":false},"excerpt":{"rendered":"<p>Tu experiencia en eventos alcanzar\u00e1 un nuevo nivel con la incorporaci\u00f3n de nuestro mobiliario LED.<\/p>\n","protected":false},"featured_media":34066,"template":"","meta":[],"product_brand":[],"product_cat":[258,256,257,262],"product_tag":[],"class_list":{"0":"post-2345","1":"product","2":"type-product","3":"status-publish","4":"has-post-thumbnail","6":"product_cat-mesas","7":"product_cat-muebles","8":"product_cat-sillas","9":"product_cat-taburetes","11":"first","12":"instock","13":"shipping-taxable","14":"purchasable","15":"product-type-simple"},"yoast_head":"<!-- This site is optimized with the Yoast SEO plugin v27.4 - https:\/\/yoast.com\/product\/yoast-seo-wordpress\/ -->\n<title>Muebles LED - Flavianatura - Fabricaci\u00f3n de Iluminaci\u00f3n en Alicante<\/title>\n<meta name=\"robots\" content=\"index, follow, max-snippet:-1, max-image-preview:large, max-video-preview:-1\" \/>\n<link rel=\"canonical\" href=\"https:\/\/flavianatura.com\/tienda\/producto\/muebles-led\/\" \/>\n<meta property=\"og:locale\" content=\"es_ES\" \/>\n<meta property=\"og:type\" content=\"article\" \/>\n<meta property=\"og:title\" content=\"Muebles LED - Flavianatura - Fabricaci\u00f3n de Iluminaci\u00f3n en Alicante\" \/>\n<meta property=\"og:description\" content=\"Tu experiencia en eventos alcanzar\u00e1 un nuevo nivel con la incorporaci\u00f3n de nuestro mobiliario LED.\" \/>\n<meta property=\"og:url\" content=\"https:\/\/flavianatura.com\/tienda\/producto\/muebles-led\/\" \/>\n<meta property=\"og:site_name\" content=\"Flavianatura - Fabricaci\u00f3n de Iluminaci\u00f3n en Alicante\" \/>\n<meta property=\"article:modified_time\" content=\"2024-05-02T19:32:19+00:00\" \/>\n<meta property=\"og:image\" content=\"https:\/\/flavianatura.com\/tienda\/wp-content\/uploads\/2024\/05\/Silla-de-barra-con-luz-LED-de-colores-Control-remoto-cambio-de-Color-para-exteriores-taburetes-compressed.jpg\" \/>\n\t<meta property=\"og:image:width\" content=\"800\" \/>\n\t<meta property=\"og:image:height\" content=\"800\" \/>\n\t<meta property=\"og:image:type\" content=\"image\/jpeg\" \/>\n<meta name=\"twitter:card\" content=\"summary_large_image\" \/>\n<script type=\"application\/ld+json\" class=\"yoast-schema-graph\">{\"@context\":\"https:\\\/\\\/schema.org\",\"@graph\":[{\"@type\":\"WebPage\",\"@id\":\"https:\\\/\\\/flavianatura.com\\\/tienda\\\/producto\\\/muebles-led\\\/\",\"url\":\"https:\\\/\\\/flavianatura.com\\\/tienda\\\/producto\\\/muebles-led\\\/\",\"name\":\"Muebles LED - Flavianatura - Fabricaci\u00f3n de Iluminaci\u00f3n en Alicante\",\"isPartOf\":{\"@id\":\"https:\\\/\\\/flavianatura.com\\\/tienda\\\/#website\"},\"primaryImageOfPage\":{\"@id\":\"https:\\\/\\\/flavianatura.com\\\/tienda\\\/producto\\\/muebles-led\\\/#primaryimage\"},\"image\":{\"@id\":\"https:\\\/\\\/flavianatura.com\\\/tienda\\\/producto\\\/muebles-led\\\/#primaryimage\"},\"thumbnailUrl\":\"https:\\\/\\\/flavianatura.com\\\/tienda\\\/wp-content\\\/uploads\\\/2024\\\/05\\\/Silla-de-barra-con-luz-LED-de-colores-Control-remoto-cambio-de-Color-para-exteriores-taburetes-compressed.jpg\",\"datePublished\":\"2023-04-12T10:33:03+00:00\",\"dateModified\":\"2024-05-02T19:32:19+00:00\",\"breadcrumb\":{\"@id\":\"https:\\\/\\\/flavianatura.com\\\/tienda\\\/producto\\\/muebles-led\\\/#breadcrumb\"},\"inLanguage\":\"es\",\"potentialAction\":[{\"@type\":\"ReadAction\",\"target\":[\"https:\\\/\\\/flavianatura.com\\\/tienda\\\/producto\\\/muebles-led\\\/\"]}]},{\"@type\":\"ImageObject\",\"inLanguage\":\"es\",\"@id\":\"https:\\\/\\\/flavianatura.com\\\/tienda\\\/producto\\\/muebles-led\\\/#primaryimage\",\"url\":\"https:\\\/\\\/flavianatura.com\\\/tienda\\\/wp-content\\\/uploads\\\/2024\\\/05\\\/Silla-de-barra-con-luz-LED-de-colores-Control-remoto-cambio-de-Color-para-exteriores-taburetes-compressed.jpg\",\"contentUrl\":\"https:\\\/\\\/flavianatura.com\\\/tienda\\\/wp-content\\\/uploads\\\/2024\\\/05\\\/Silla-de-barra-con-luz-LED-de-colores-Control-remoto-cambio-de-Color-para-exteriores-taburetes-compressed.jpg\",\"width\":800,\"height\":800},{\"@type\":\"BreadcrumbList\",\"@id\":\"https:\\\/\\\/flavianatura.com\\\/tienda\\\/producto\\\/muebles-led\\\/#breadcrumb\",\"itemListElement\":[{\"@type\":\"ListItem\",\"position\":1,\"name\":\"Portada\",\"item\":\"https:\\\/\\\/flavianatura.com\\\/tienda\\\/\"},{\"@type\":\"ListItem\",\"position\":2,\"name\":\"Productos\",\"item\":\"https:\\\/\\\/flavianatura.com\\\/tienda\\\/productos\\\/\"},{\"@type\":\"ListItem\",\"position\":3,\"name\":\"Muebles LED\"}]},{\"@type\":\"WebSite\",\"@id\":\"https:\\\/\\\/flavianatura.com\\\/tienda\\\/#website\",\"url\":\"https:\\\/\\\/flavianatura.com\\\/tienda\\\/\",\"name\":\"Flavianatura - Fabricaci\u00f3n de Iluminaci\u00f3n en Alicante\",\"description\":\"Venta de Paneles led, Barras Led, Mesas, Sillas, Taburetes y m\u00e1s en Alicante\",\"publisher\":{\"@id\":\"https:\\\/\\\/flavianatura.com\\\/tienda\\\/#organization\"},\"potentialAction\":[{\"@type\":\"SearchAction\",\"target\":{\"@type\":\"EntryPoint\",\"urlTemplate\":\"https:\\\/\\\/flavianatura.com\\\/tienda\\\/?s={search_term_string}\"},\"query-input\":{\"@type\":\"PropertyValueSpecification\",\"valueRequired\":true,\"valueName\":\"search_term_string\"}}],\"inLanguage\":\"es\"},{\"@type\":\"Organization\",\"@id\":\"https:\\\/\\\/flavianatura.com\\\/tienda\\\/#organization\",\"name\":\"Flavianatura - Fabricaci\u00f3n de Iluminaci\u00f3n en Alicante\",\"url\":\"https:\\\/\\\/flavianatura.com\\\/tienda\\\/\",\"logo\":{\"@type\":\"ImageObject\",\"inLanguage\":\"es\",\"@id\":\"https:\\\/\\\/flavianatura.com\\\/tienda\\\/#\\\/schema\\\/logo\\\/image\\\/\",\"url\":\"https:\\\/\\\/flavianatura.com\\\/tienda\\\/wp-content\\\/uploads\\\/2024\\\/04\\\/logo-flavia.png\",\"contentUrl\":\"https:\\\/\\\/flavianatura.com\\\/tienda\\\/wp-content\\\/uploads\\\/2024\\\/04\\\/logo-flavia.png\",\"width\":672,\"height\":100,\"caption\":\"Flavianatura - Fabricaci\u00f3n de Iluminaci\u00f3n en Alicante\"},\"image\":{\"@id\":\"https:\\\/\\\/flavianatura.com\\\/tienda\\\/#\\\/schema\\\/logo\\\/image\\\/\"}}]}<\/script>\n<!-- \/ Yoast SEO plugin. -->","yoast_head_json":{"title":"Muebles LED - Flavianatura - Fabricaci\u00f3n de Iluminaci\u00f3n en Alicante","robots":{"index":"index","follow":"follow","max-snippet":"max-snippet:-1","max-image-preview":"max-image-preview:large","max-video-preview":"max-video-preview:-1"},"canonical":"https:\/\/flavianatura.com\/tienda\/producto\/muebles-led\/","og_locale":"es_ES","og_type":"article","og_title":"Muebles LED - Flavianatura - Fabricaci\u00f3n de Iluminaci\u00f3n en Alicante","og_description":"Tu experiencia en eventos alcanzar\u00e1 un nuevo nivel con la incorporaci\u00f3n de nuestro mobiliario LED.","og_url":"https:\/\/flavianatura.com\/tienda\/producto\/muebles-led\/","og_site_name":"Flavianatura - Fabricaci\u00f3n de Iluminaci\u00f3n en Alicante","article_modified_time":"2024-05-02T19:32:19+00:00","og_image":[{"width":800,"height":800,"url":"https:\/\/flavianatura.com\/tienda\/wp-content\/uploads\/2024\/05\/Silla-de-barra-con-luz-LED-de-colores-Control-remoto-cambio-de-Color-para-exteriores-taburetes-compressed.jpg","type":"image\/jpeg"}],"twitter_card":"summary_large_image","schema":{"@context":"https:\/\/schema.org","@graph":[{"@type":"WebPage","@id":"https:\/\/flavianatura.com\/tienda\/producto\/muebles-led\/","url":"https:\/\/flavianatura.com\/tienda\/producto\/muebles-led\/","name":"Muebles LED - Flavianatura - Fabricaci\u00f3n de Iluminaci\u00f3n en Alicante","isPartOf":{"@id":"https:\/\/flavianatura.com\/tienda\/#website"},"primaryImageOfPage":{"@id":"https:\/\/flavianatura.com\/tienda\/producto\/muebles-led\/#primaryimage"},"image":{"@id":"https:\/\/flavianatura.com\/tienda\/producto\/muebles-led\/#primaryimage"},"thumbnailUrl":"https:\/\/flavianatura.com\/tienda\/wp-content\/uploads\/2024\/05\/Silla-de-barra-con-luz-LED-de-colores-Control-remoto-cambio-de-Color-para-exteriores-taburetes-compressed.jpg","datePublished":"2023-04-12T10:33:03+00:00","dateModified":"2024-05-02T19:32:19+00:00","breadcrumb":{"@id":"https:\/\/flavianatura.com\/tienda\/producto\/muebles-led\/#breadcrumb"},"inLanguage":"es","potentialAction":[{"@type":"ReadAction","target":["https:\/\/flavianatura.com\/tienda\/producto\/muebles-led\/"]}]},{"@type":"ImageObject","inLanguage":"es","@id":"https:\/\/flavianatura.com\/tienda\/producto\/muebles-led\/#primaryimage","url":"https:\/\/flavianatura.com\/tienda\/wp-content\/uploads\/2024\/05\/Silla-de-barra-con-luz-LED-de-colores-Control-remoto-cambio-de-Color-para-exteriores-taburetes-compressed.jpg","contentUrl":"https:\/\/flavianatura.com\/tienda\/wp-content\/uploads\/2024\/05\/Silla-de-barra-con-luz-LED-de-colores-Control-remoto-cambio-de-Color-para-exteriores-taburetes-compressed.jpg","width":800,"height":800},{"@type":"BreadcrumbList","@id":"https:\/\/flavianatura.com\/tienda\/producto\/muebles-led\/#breadcrumb","itemListElement":[{"@type":"ListItem","position":1,"name":"Portada","item":"https:\/\/flavianatura.com\/tienda\/"},{"@type":"ListItem","position":2,"name":"Productos","item":"https:\/\/flavianatura.com\/tienda\/productos\/"},{"@type":"ListItem","position":3,"name":"Muebles LED"}]},{"@type":"WebSite","@id":"https:\/\/flavianatura.com\/tienda\/#website","url":"https:\/\/flavianatura.com\/tienda\/","name":"Flavianatura - Fabricaci\u00f3n de Iluminaci\u00f3n en Alicante","description":"Venta de Paneles led, Barras Led, Mesas, Sillas, Taburetes y m\u00e1s en Alicante","publisher":{"@id":"https:\/\/flavianatura.com\/tienda\/#organization"},"potentialAction":[{"@type":"SearchAction","target":{"@type":"EntryPoint","urlTemplate":"https:\/\/flavianatura.com\/tienda\/?s={search_term_string}"},"query-input":{"@type":"PropertyValueSpecification","valueRequired":true,"valueName":"search_term_string"}}],"inLanguage":"es"},{"@type":"Organization","@id":"https:\/\/flavianatura.com\/tienda\/#organization","name":"Flavianatura - Fabricaci\u00f3n de Iluminaci\u00f3n en Alicante","url":"https:\/\/flavianatura.com\/tienda\/","logo":{"@type":"ImageObject","inLanguage":"es","@id":"https:\/\/flavianatura.com\/tienda\/#\/schema\/logo\/image\/","url":"https:\/\/flavianatura.com\/tienda\/wp-content\/uploads\/2024\/04\/logo-flavia.png","contentUrl":"https:\/\/flavianatura.com\/tienda\/wp-content\/uploads\/2024\/04\/logo-flavia.png","width":672,"height":100,"caption":"Flavianatura - Fabricaci\u00f3n de Iluminaci\u00f3n en Alicante"},"image":{"@id":"https:\/\/flavianatura.com\/tienda\/#\/schema\/logo\/image\/"}}]}},"_links":{"self":[{"href":"https:\/\/flavianatura.com\/tienda\/wp-json\/wp\/v2\/product\/2345","targetHints":{"allow":["GET"]}}],"collection":[{"href":"https:\/\/flavianatura.com\/tienda\/wp-json\/wp\/v2\/product"}],"about":[{"href":"https:\/\/flavianatura.com\/tienda\/wp-json\/wp\/v2\/types\/product"}],"wp:featuredmedia":[{"embeddable":true,"href":"https:\/\/flavianatura.com\/tienda\/wp-json\/wp\/v2\/media\/34066"}],"wp:attachment":[{"href":"https:\/\/flavianatura.com\/tienda\/wp-json\/wp\/v2\/media?parent=2345"}],"wp:term":[{"taxonomy":"product_brand","embeddable":true,"href":"https:\/\/flavianatura.com\/tienda\/wp-json\/wp\/v2\/product_brand?post=2345"},{"taxonomy":"product_cat","embeddable":true,"href":"https:\/\/flavianatura.com\/tienda\/wp-json\/wp\/v2\/product_cat?post=2345"},{"taxonomy":"product_tag","embeddable":true,"href":"https:\/\/flavianatura.com\/tienda\/wp-json\/wp\/v2\/product_tag?post=2345"}],"curies":[{"name":"wp","href":"https:\/\/api.w.org\/{rel}","templated":true}]}}